{"id":18,"date":"2020-12-03T17:49:22","date_gmt":"2020-12-03T16:49:22","guid":{"rendered":"https:\/\/www.shark24.de\/de\/?page_id=18"},"modified":"2023-03-23T09:44:07","modified_gmt":"2023-03-23T08:44:07","slug":"klassenvereinigung","status":"publish","type":"page","link":"https:\/\/www.shark24.de\/de\/klassenvereinigung\/","title":{"rendered":"Klassenvereinigung"},"content":{"rendered":"\n<h2 class=\"has-text-align-center wp-block-heading\">Mitgliedschaft in der Deutschen Shark24 Klassenvereinigung e.V.<\/h2>\n\n\n\n<hr class=\"wp-block-separator has-css-opacity\"\/>\n\n\n\n<div style=\"height:30px\" aria-hidden=\"true\" class=\"wp-block-spacer\"><\/div>\n\n\n\n<p>Wer eine Shark24 erworben hat, dem kann man nur gratulieren, denn er hat eine Traileryacht mit guten Allroundeigenschaften (Fahrten- und Regattayacht) erworben, die sich durch bekannt gute Segeleigenschaften auch bei schwierigen Windverh\u00e4ltnissen auszeichnet.<\/p>\n\n\n\n<p>Sicher werden Sie sich fragen, warum soll ich Mitglied in einer Vereinigung werden, wenn ich nur segeln will. Diese Frage ist berechtigt und wurde schon mehrfach gestellt.<\/p>\n\n\n\n<p>Durch zahlreiche Aktivit\u00e4ten der Deutschen Shark 24 \u2013 Klassenvereinigung e.V. wird<br>der Bekanntheitsgrad unserer Yacht weiter gesteigert sowie Mitglieder unterst\u00fctzt und gef\u00f6rdert. Dazu z\u00e4hlen:<br><\/p>\n\n\n\n<ul>\n<li>Schnuppersegeln mit Besichtigung einer Regatta- oder Fahrtenyacht<\/li>\n\n\n\n<li>Unterst\u00fctzung und Beratung beim Kauf einer Gebraucht \u2013 Shark24<\/li>\n\n\n\n<li>Betreiben der Homepage (www.shark24.de) inclusive zahlreicher Ausk\u00fcnfte<\/li>\n\n\n\n<li>Zugriff auf den KV-internen Bereich mit zahlreichen praktischen Hinweisen<\/li>\n\n\n\n<li>J\u00e4hrliche Schulungs- und Informationsveranstaltungen wie Segel &#8211; \/ Regattatraining, Fahrtenseglertreffen oder Trimmveranstaltungen. Die Teilnahme ist f\u00fcr Mitglieder kostenlos<\/li>\n\n\n\n<li>F\u00f6rderung des Fahrtensegelns durch Vergabe des mit einem 150\u20ac Einkaufsgutscheines dotierten Fahrtenseglerwanderpreises (2. Platz = 100\u20ac, 3. Platz = 50\u20ac) und Pr\u00e4mierung der Besten beim Fotowettbewerb (1. Platz = 100\u20ac, 2. Platz = 75\u20ac, 3. Platz = 50\u20ac, auch jeweils Einkaufsgutscheine)<\/li>\n\n\n\n<li>F\u00f6rderung herausragender Vorhaben wie Atlantik\u00fcberquerungen<\/li>\n\n\n\n<li>Der j\u00e4hrlich erscheinende, professionell gestaltete Sharkreport (ca. 130 Seiten) informiert \u00fcber die zahlreichen Aktivit\u00e4ten unserer Fahrtensegler, enth\u00e4lt Berichte von Regatten innerhalb unserer Gemeinschaft und bietet viele praktische Hinweise<\/li>\n\n\n\n<li>Die Einstufung der Shark24 als \u201eInternational One Design Class\u201c von World Sailing erm\u00f6glicht die Durchf\u00fchrung offizieller Europa- und Weltmeisterschaften ohne gesonderte Qualifikation.<br>Sofern diese Veranstaltungen in Deutschland stattfinden, werden sie von der KV finanziell erheblich unterst\u00fctzt und mit organisiert. Um daran teilnehmen zu k\u00f6nnen, ist die Mitgliedschaft f\u00fcr alle Crewmitglieder in einer nationalen Shark24 \u2013 Klassenvereinigung zwingend vorgeschrieben<\/li>\n\n\n\n<li>F\u00f6rderung des Regattasegelns, insbesondere von Jugendlichen und Junioren<\/li>\n<\/ul>\n\n\n\n<p>Diese Aktivit\u00e4ten erfordern einen hohen finanziellen Aufwand und gro\u00dfes ehrenamtliches Engagement unseres Vorstandes und der Mitglieder. Auch dadurch bleibt die Shark24 als Gebrauchtyacht relativ preisstabil.<\/p>\n\n\n\n<p>Sicher wissen Sie aus eigener Erfahrung, dass eine Vereinigung mehr erreichen kann, je gr\u00f6\u00dfer sie ist &#8211; jede Stimme z\u00e4hlt. Bekunden Sie Ihre Solidarit\u00e4t und werden Sie Mitglied in der Deutschen Shark24 Klassenvereinigung.<\/p>\n\n\n\n<p>Das Aktivmitglied bekennt sich zu den Zielen der KV und verf\u00fcgt genau wie alle vollj\u00e4hrigen Familienmitglieder\u00a0 \u00fcber ein Stimmrecht bei der j\u00e4hrlichen Mitgliederversammlung. Es kann somit die Klasse aktiv mitgestalten.<br>Familienmitglieder sind Ehegatten, Lebenspartner und Kinder von Aktivmitgliedern.<br>Kinder werden als Jugendmitglied bezeichnet und sind diejenigen, die das 18. Lebensjahr noch nicht erreicht haben oder sich noch in der Ausbildung\/Studium befinden, l\u00e4ngstens jedoch bis zum 30. Lebensjahr. Das Jugendmitglied hat den Wegfall der Voraussetzungen der Jugendmitgliedschaft dem Verein mitzuteilen.<\/p>\n\n\n\n<p>Auch Wassersportvereine k\u00f6nnen die Mitgliedschaft beantragen. Dadurch sind alle Segler des Vereins berechtigt, an Europa- und Weltmeisterschaften auf einer vereinseigenen Shark24 teilzunehmen.<br>Das f\u00f6rdernde Mitglied (h\u00e4ufig ehemalige Shark24 &#8211; Eigner) will seine Verbundenheit mit der KV dokumentieren und wie der Name schon sagt, die Ziele der KV f\u00f6rdern. Das F\u00f6rdermitglied verf\u00fcgt nicht \u00fcber ein Stimmrecht.<\/p>\n\n\n\n<p>So ist es jedem freigestellt, je nach der eigenen Intention, die Form der Mitgliedschaft bei sehr niedrigen Beitragss\u00e4tzen (\u20ac15,00 F\u00f6rder-, \u20ac25,00 Aktiv-, \u20ac30,00 Familien-\/Vereinsmitgliedschaft) zu w\u00e4hlen.<\/p>\n\n\n\n<div style=\"height:20px\" aria-hidden=\"true\" class=\"wp-block-spacer\"><\/div>\n\n\n\n<hr class=\"wp-block-separator has-css-opacity\"\/>\n\n\n\n<div style=\"height:20px\" aria-hidden=\"true\" class=\"wp-block-spacer\"><\/div>\n\n\n\n<p>Wir w\u00fcrden uns freuen, Sie demn\u00e4chst in unserer Gemeinschaft begr\u00fc\u00dfen zu d\u00fcrfen.<\/p>\n\n\n\n<div class=\"wp-block-buttons is-layout-flex wp-block-buttons-is-layout-flex\">\n<div class=\"wp-block-button\"><a class=\"wp-block-button__link wp-element-button\" href=\"https:\/\/www.shark24.de\/de\/mitglied-werden\/\">Jetzt Mitglied werden<\/a><\/div>\n<\/div>\n\n\n\n<div style=\"height:30px\" aria-hidden=\"true\" class=\"wp-block-spacer\"><\/div>\n\n\n\n<p><em>Horst Rudorffer<\/em><br>Pr\u00e4sident der Deutschen Shark24 Klassenvereinigung e.V.<\/p>\n","protected":false},"excerpt":{"rendered":"<p>Mitgliedschaft in der Deutschen Shark24 Klassenvereinigung e.V. Wer eine Shark24 erworben hat, dem kann man nur gratulieren, denn er hat eine Traileryacht mit guten Allroundeigenschaften (Fahrten- und Regattayacht) erworben, die sich durch bekannt gute Segeleigenschaften auch bei schwierigen Windverh\u00e4ltnissen auszeichnet. Sicher werden Sie sich fragen, warum soll ich Mitglied in&#8230;<\/p>\n<p> <a class=\"continue-reading-link\" href=\"https:\/\/www.shark24.de\/de\/klassenvereinigung\/\"><span>WEITERLESEN<\/span><i class=\"crycon-right-dir\"><\/i><\/a> <\/p>\n","protected":false},"author":1,"featured_media":0,"parent":0,"menu_order":0,"comment_status":"closed","ping_status":"closed","template":"templates\/template-twocolumns-left.php","meta":{"footnotes":""},"_links":{"self":[{"href":"https:\/\/www.shark24.de\/de\/wp-json\/wp\/v2\/pages\/18"}],"collection":[{"href":"https:\/\/www.shark24.de\/de\/wp-json\/wp\/v2\/pages"}],"about":[{"href":"https:\/\/www.shark24.de\/de\/wp-json\/wp\/v2\/types\/page"}],"author":[{"embeddable":true,"href":"https:\/\/www.shark24.de\/de\/wp-json\/wp\/v2\/users\/1"}],"replies":[{"embeddable":true,"href":"https:\/\/www.shark24.de\/de\/wp-json\/wp\/v2\/comments?post=18"}],"version-history":[{"count":5,"href":"https:\/\/www.shark24.de\/de\/wp-json\/wp\/v2\/pages\/18\/revisions"}],"predecessor-version":[{"id":6553,"href":"https:\/\/www.shark24.de\/de\/wp-json\/wp\/v2\/pages\/18\/revisions\/6553"}],"wp:attachment":[{"href":"https:\/\/www.shark24.de\/de\/wp-json\/wp\/v2\/media?parent=18"}],"curies":[{"name":"wp","href":"https:\/\/api.w.org\/{rel}","templated":true}]}}