{"id":354,"date":"2020-12-05T15:00:46","date_gmt":"2020-12-05T14:00:46","guid":{"rendered":"https:\/\/www.shark24.de\/de\/?page_id=354"},"modified":"2021-03-24T23:34:07","modified_gmt":"2021-03-24T22:34:07","slug":"impressum","status":"publish","type":"page","link":"https:\/\/www.shark24.de\/de\/impressum\/","title":{"rendered":"Impressum"},"content":{"rendered":"\n<h1 class=\"has-text-align-center wp-block-heading\">Impressum<\/h1>\n\n\n\n<div style=\"height:30px\" aria-hidden=\"true\" class=\"wp-block-spacer\"><\/div>\n\n\n\n<div class=\"wp-block-image\"><figure class=\"aligncenter size-large\"><img loading=\"lazy\" decoding=\"async\" width=\"76\" height=\"65\" src=\"https:\/\/www.shark24.de\/de\/wp-content\/uploads\/2020\/12\/wappenkv_klein.jpg\" alt=\"\" class=\"wp-image-494\"\/><\/figure><\/div>\n\n\n\n<hr class=\"wp-block-separator\"\/>\n\n\n\n<p class=\"has-text-align-center\">Herausgeber:<\/p>\n\n\n\n<p class=\"has-text-align-center\"><strong>Deutsche Shark24 &#8211; Klassenvereinigung e.V.<\/strong><br><br>Kirschenbergstra\u00dfe 15<br>65207 Wiesbaden<br>Tel. 06122\/586 717 bzw. 0179\/2121584<br><br>e-mail : <a href=\"mailto:vorstand@shark24.de\">vorstand@shark24.de<\/a><br><br>Die Shark 24 Klassenvereinigung ist unter der Registriernummer 5UR1015 beim Amtsgericht Offenbach\/Main in das Vereinsregister eingetragen.<\/p>\n\n\n\n<hr class=\"wp-block-separator\"\/>\n\n\n\n<p class=\"has-text-align-center\"><strong>Webmaster<\/strong><\/p>\n\n\n\n<p class=\"has-text-align-center\">Katja Smolenga<br><br><a href=\"https:\/\/www.shark24.de\/de\/kontakt-webmaster\/\" data-type=\"page\" data-id=\"3781\">Kontakt<\/a><\/p>\n\n\n\n<hr class=\"wp-block-separator\"\/>\n\n\n\n<p class=\"has-text-align-center\">F\u00fcr die Inhalte und Rechte ist der jeweilige Autor des entsprechenden Beitrags verantwortlich.<\/p>\n\n\n\n<hr class=\"wp-block-separator\"\/>\n\n\n\n<p class=\"has-text-align-center\">Auf dieser Homepage sind Links zu anderen Seiten im Internet gesetzt.<\/p>\n\n\n\n<p class=\"has-text-align-center\">F\u00fcr all diese Links gilt:<br><br>Wir m\u00f6chten ausdr\u00fccklich betonen, dass wir keinerlei Einfluss auf die Gestaltung und die Inhalte der gelinkten Seiten haben.<br>Deshalb distanzieren wir uns hiermit ausdr\u00fccklich von allen Inhalten der gelinkten Seiten auf dieser Homepage und machen uns deren Inhalte nicht zueigen.<br>Diese Erkl\u00e4rung gilt f\u00fcr alle auf dieser Homepage angebrachten Links.<\/p>\n\n\n\n<hr class=\"wp-block-separator\"\/>\n","protected":false},"excerpt":{"rendered":"<p>Impressum Herausgeber: Deutsche Shark24 &#8211; Klassenvereinigung e.V. Kirschenbergstra\u00dfe 1565207 WiesbadenTel. 06122\/586 717 bzw. 0179\/2121584 e-mail : vorstand@shark24.de Die Shark 24 Klassenvereinigung ist unter der Registriernummer 5UR1015 beim Amtsgericht Offenbach\/Main in das Vereinsregister eingetragen. Webmaster Katja Smolenga Kontakt F\u00fcr die Inhalte und Rechte ist der jeweilige Autor des entsprechenden Beitrags verantwortlich&#8230;.<\/p>\n<p> <a class=\"continue-reading-link\" href=\"https:\/\/www.shark24.de\/de\/impressum\/\"><span>WEITERLESEN<\/span><i class=\"crycon-right-dir\"><\/i><\/a> <\/p>\n","protected":false},"author":1,"featured_media":0,"parent":0,"menu_order":0,"comment_status":"closed","ping_status":"closed","template":"templates\/template-onecolumn.php","meta":{"footnotes":""},"_links":{"self":[{"href":"https:\/\/www.shark24.de\/de\/wp-json\/wp\/v2\/pages\/354"}],"collection":[{"href":"https:\/\/www.shark24.de\/de\/wp-json\/wp\/v2\/pages"}],"about":[{"href":"https:\/\/www.shark24.de\/de\/wp-json\/wp\/v2\/types\/page"}],"author":[{"embeddable":true,"href":"https:\/\/www.shark24.de\/de\/wp-json\/wp\/v2\/users\/1"}],"replies":[{"embeddable":true,"href":"https:\/\/www.shark24.de\/de\/wp-json\/wp\/v2\/comments?post=354"}],"version-history":[{"count":19,"href":"https:\/\/www.shark24.de\/de\/wp-json\/wp\/v2\/pages\/354\/revisions"}],"predecessor-version":[{"id":3824,"href":"https:\/\/www.shark24.de\/de\/wp-json\/wp\/v2\/pages\/354\/revisions\/3824"}],"wp:attachment":[{"href":"https:\/\/www.shark24.de\/de\/wp-json\/wp\/v2\/media?parent=354"}],"curies":[{"name":"wp","href":"https:\/\/api.w.org\/{rel}","templated":true}]}}