{"id":376,"date":"2020-12-05T18:53:56","date_gmt":"2020-12-05T17:53:56","guid":{"rendered":"https:\/\/www.shark24.de\/de\/membership-login\/"},"modified":"2021-07-24T15:22:06","modified_gmt":"2021-07-24T13:22:06","slug":"login","status":"publish","type":"page","link":"https:\/\/www.shark24.de\/de\/login\/","title":{"rendered":"Login"},"content":{"rendered":"\n<h2 class=\"has-text-align-center wp-block-heading\">Interner Bereich<\/h2>\n\n\n\n<hr class=\"wp-block-separator\"\/>\n\n\n\n<div style=\"height:30px\" aria-hidden=\"true\" class=\"wp-block-spacer\"><\/div>\n\n\n\n<p>Dieser Bereich ist den Mitgliedern der Deutschen, \u00d6sterreichischen und Schweizer Shark24 Klassenvereinigung vorbehalten. Der Zugriff ist erst nach Login m\u00f6glich.<\/p>\n\n\n\n<div style=\"height:20px\" aria-hidden=\"true\" class=\"wp-block-spacer\"><\/div>\n\n\n<div class=\"swpm-login-widget-form\">\n    <form id=\"swpm-login-form\" name=\"swpm-login-form\" method=\"post\" action=\"\">\n        <input type=\"hidden\" name=\"swpm_login_origination_flag\" value=\"1\" \/>\n        <div class=\"swpm-login-form-inner\">\n            <div class=\"swpm-username-label\">\n                <label for=\"swpm_user_name\" class=\"swpm-label\">Benutzername oder E-Mail-Adresse<\/label>\n            <\/div>\n            <div class=\"swpm-username-input\">\n                <input type=\"text\" class=\"swpm-text-field swpm-username-field\" id=\"swpm_user_name\" value=\"\" size=\"25\" name=\"swpm_user_name\" \/>\n            <\/div>\n            <div class=\"swpm-password-label\">\n                <label for=\"swpm_password\" class=\"swpm-label\">Passwort<\/label>\n            <\/div>\n            <div class=\"swpm-password-input\">                \n                <input type=\"password\" class=\"swpm-text-field swpm-password-field\" id=\"swpm_password\" value=\"\" size=\"25\" name=\"swpm_password\" \/>                \n            <\/div>\n                        <div class=\"swpm-remember-me\">\n                <span class=\"swpm-remember-checkbox\"><input type=\"checkbox\" name=\"rememberme\" id=\"swpm-rememberme\"><\/span>\n                <label for=\"swpm-rememberme\" class=\"swpm-rememberme-label\">\n                    <span class=\"swpm-rember-label\"> Angemeldet bleiben<\/span>\n                <\/label>\n            <\/div>\n\n            <div class=\"swpm-before-login-submit-section\"><\/div>\n\n            <div class=\"swpm-login-submit\">\n                <input type=\"submit\" class=\"swpm-login-form-submit\" name=\"swpm-login\" value=\"Anmelden\"\/>\n            <\/div>\n            <div class=\"swpm-forgot-pass-link\">\n                <a id=\"forgot_pass\" class=\"swpm-login-form-pw-reset-link\"  href=\"https:\/\/www.shark24.de\/de\/mitglieder-login\/reset-password\/\">Haben Sie Ihr Passwort vergessen?<\/a>\n            <\/div>\n                        <div class=\"swpm-join-us-link\">\n                <a id=\"register\" class=\"swpm-login-form-register-link\" href=\"https:\/\/www.shark24.de\/de\/klassenvereinigung\/\">Werden Sie Mitglied bei uns<\/a>\n            <\/div>\n                        <div class=\"swpm-login-action-msg\">\n                <span class=\"swpm-login-widget-action-msg\"><\/span>\n            <\/div>\n        <\/div>\n    <\/form>\n<\/div>\n\n\n\n\n<h4 class=\"wp-block-heading\"><a href=\"https:\/\/www.shark24.de\/de\/kv-intern\/\" data-type=\"page\" data-id=\"385\">Interner Bereich<\/a><\/h4>\n\n\n\n<h3 class=\"wp-block-heading\">Registrierung f\u00fcr den Internen Bereich <\/h3>\n\n\n\n<div style=\"height:20px\" aria-hidden=\"true\" class=\"wp-block-spacer\"><\/div>\n\n\n\n<p>Bestehende Mitglieder der Klassenvereinigung k\u00f6nnen sich f\u00fcr die Nutzung des internen Bereichs registrieren. Die Freischaltung erfolgt nach einer \u00dcberpr\u00fcfung der Daten.<\/p>\n\n\n\n<h4 class=\"wp-block-heading\"><a href=\"https:\/\/www.shark24.de\/de\/registrierung\/\" data-type=\"page\" data-id=\"375\">Zur Registrierung<\/a><\/h4>\n\n\n\n<p><\/p>\n","protected":false},"excerpt":{"rendered":"<p>Interner Bereich Dieser Bereich ist den Mitgliedern der Deutschen, \u00d6sterreichischen und Schweizer Shark24 Klassenvereinigung vorbehalten. Der Zugriff ist erst nach Login m\u00f6glich. Interner Bereich Registrierung f\u00fcr den Internen Bereich Bestehende Mitglieder der Klassenvereinigung k\u00f6nnen sich f\u00fcr die Nutzung des internen Bereichs registrieren. Die Freischaltung erfolgt nach einer \u00dcberpr\u00fcfung der Daten&#8230;.<\/p>\n<p> <a class=\"continue-reading-link\" href=\"https:\/\/www.shark24.de\/de\/login\/\"><span>WEITERLESEN<\/span><i class=\"crycon-right-dir\"><\/i><\/a> <\/p>\n","protected":false},"author":1,"featured_media":0,"parent":0,"menu_order":0,"comment_status":"closed","ping_status":"closed","template":"templates\/template-twocolumns-left.php","meta":{"footnotes":""},"_links":{"self":[{"href":"https:\/\/www.shark24.de\/de\/wp-json\/wp\/v2\/pages\/376"}],"collection":[{"href":"https:\/\/www.shark24.de\/de\/wp-json\/wp\/v2\/pages"}],"about":[{"href":"https:\/\/www.shark24.de\/de\/wp-json\/wp\/v2\/types\/page"}],"author":[{"embeddable":true,"href":"https:\/\/www.shark24.de\/de\/wp-json\/wp\/v2\/users\/1"}],"replies":[{"embeddable":true,"href":"https:\/\/www.shark24.de\/de\/wp-json\/wp\/v2\/comments?post=376"}],"version-history":[{"count":14,"href":"https:\/\/www.shark24.de\/de\/wp-json\/wp\/v2\/pages\/376\/revisions"}],"predecessor-version":[{"id":4644,"href":"https:\/\/www.shark24.de\/de\/wp-json\/wp\/v2\/pages\/376\/revisions\/4644"}],"wp:attachment":[{"href":"https:\/\/www.shark24.de\/de\/wp-json\/wp\/v2\/media?parent=376"}],"curies":[{"name":"wp","href":"https:\/\/api.w.org\/{rel}","templated":true}]}}