{"id":3868,"date":"2021-03-26T16:19:33","date_gmt":"2021-03-26T15:19:33","guid":{"rendered":"https:\/\/www.shark24.de\/de\/?page_id=3868"},"modified":"2026-03-23T10:40:10","modified_gmt":"2026-03-23T09:40:10","slug":"crewboerse","status":"publish","type":"page","link":"https:\/\/www.shark24.de\/de\/die-shark\/crewboerse\/","title":{"rendered":"Crewb\u00f6rse"},"content":{"rendered":"\n<h2 class=\"wp-block-heading has-text-align-center\">Crewb\u00f6rse<\/h2>\n\n\n\n<hr class=\"wp-block-separator has-css-opacity\"\/>\n\n\n\n<div style=\"height:30px\" aria-hidden=\"true\" class=\"wp-block-spacer\"><\/div>\n\n\n\n<h4 class=\"wp-block-heading\"><a href=\"https:\/\/www.shark24.de\/de\/die-shark\/crewboerse\/aufnahme-crewboerse\/\" data-type=\"page\" data-id=\"4116\">Aufnahme in Crewb\u00f6rse<\/a><\/h4>\n\n\n\n<h3 class=\"wp-block-heading\">Biete<\/h3>\n\n\n\n<div style=\"height:20px\" aria-hidden=\"true\" class=\"wp-block-spacer\"><\/div>\n\n\n\n<figure class=\"wp-block-table is-style-stripes\"><table><thead><tr><th>Kontaktdaten<\/th><th>Revier \/ Position<\/th><th>Erfahrung<\/th><\/tr><\/thead><tbody><tr><td>Horst Rudorffer<br>Tel.: 06122\/ 586717<br>Email: <a href=\"mailto:hailight@shark24.de\">hailight@shark24.de<\/a><\/td><td><strong>Wiesbaden<br><\/strong>Schnuppersegeln, um den Bootstyp kennen zu lernen<\/td><td><\/td><\/tr><tr><td>J\u00f6rg Stellamanns<br>Tel.:&nbsp;0479 34324170<br>Email:&nbsp;<a href=\"mailto:joerg.stellamanns@ewe.net\">joerg.stellamanns@ewe.net<\/a><\/td><td><strong>Bad Zwischenahner Meer<br><\/strong>Schnuppern<\/td><td>auch gerne bei unser ZSK-Mittwochsregatta<br>ab dem 14.04.2021, immer 18 Uhr Start,<br>insgesamt 14 Termine, bei Interesse gerne<br>melden, meine Crew wird sicherlich nicht<br>immer vollz\u00e4hlig sein;-))<\/td><\/tr><tr><td>Peter Sch\u00fctzinger <br>+436642007098<br>Email: <a href=\"mailto:peter.schuetzinger@helvetia.at\">peter.schuetzinger@helvetia.at<\/a><\/td><td><strong>Traunsee<br><\/strong>Mitte, Schnuppern<\/td><td>Biete helfende Hand an Bord bei den Regatten im Mai am Traunsee.<\/td><\/tr><tr><td>Torsten Gr\u00fcnewald<br>Tel.: 0178 290 7831<br>Email: <a href=\"mailto:Tgruenew@gmx.de\">Tgruenew@gmx.de<\/a><\/td><td><strong>Rhein (Ingelheim)<br><\/strong>Vorschiff, Mitte, Schnuppern<\/td><td>Biete Mitsegelgelegenheit: Rheinsegeln und Regattasegeln mit H\u00f6hepunkt EM Ende September auf dem Altm\u00fchlsee. Erfahrung nicht notwendig nur Spass an der Sache<br><br><\/td><\/tr><\/tbody><\/table><\/figure>\n\n\n\n<h3 class=\"wp-block-heading\">Suche<\/h3>\n\n\n\n<div style=\"height:20px\" aria-hidden=\"true\" class=\"wp-block-spacer\"><\/div>\n\n\n\n<figure class=\"wp-block-table is-style-stripes\"><table><thead><tr><th>Kontaktdaten<\/th><th>Revier \/ Position<\/th><th>Erfahrung<\/th><\/tr><\/thead><tbody><tr><td><strong><em>Neu 23.03.2026<\/em><\/strong><br>Dark Ble\u00dfmann<br>Tel.: 0157-3152 9095<br>Email: <a href=\"mailto:dark.blessmann@gmx.de\" target=\"_blank\" rel=\"noreferrer noopener\">dark.blessmann@gmx.de<\/a><\/td><td><strong>Ostsee<\/strong><\/td><td><strong>Schnuppersegeln zum Kennenlernen des Bootstyps<\/strong><br>Ich w\u00fcrde gern auf eine Shark 24 wechseln. Vorhergehend aber die Shark 24 seglerisch kennenlernen. W\u00fcrde auch gerne mieten oder eben gegen Bezahlung mitsegeln. Mein bevorzugtes Fahrgebiet ist die Ostsee. Kann mir einer bei meinem Wunsch weiterhelfen?<br>Viele Gr\u00fc\u00dfe aus Reinfeld<br>Dark<\/td><\/tr><tr><td><strong><em>Neu 08.04.2025<\/em><\/strong><br>Frank Lorenz<br>Tel.: 0178 9741101<br>Email: <a href=\"mailto:Frank.lorenz@ewe.net\" target=\"_blank\" rel=\"noreferrer noopener\">Frank.lorenz@ewe.net<\/a><\/td><td><strong>Bad Zwischenahn, Nordsee<\/strong><\/td><td><strong>Schnuppersegeln zum Kennenlernen des Bootstyps<\/strong><br>Bin auf dem Seminar beim ZSK 5.4.25 Horst Ru. dabei gewesen.<br>Segeln Zugvogel Rennjolle, SKS, Chartercrews<\/td><\/tr><tr><td><strong><em>Neu 10.06.2023<\/em><\/strong><br>Michael Striffler<br>Tel.: 0171 3050265<br>Email: <a rel=\"noreferrer noopener\" href=\"mailto:michael.striffler@mainz-lcc.de\" target=\"_blank\">michael.striffler@mainz-lcc.de<\/a><\/td><td>Position: <br>Vorschiff Regatta<\/td><td>suche f\u00fcr die Saison 2023 Mitsegler (m\/w\/d) f\u00fcr die<br>Position Vorschiff<br>und\/oder<br>Position Mittelmann (Spifahrer, Segeltrimmer)<br>24.06. \u2013 25.06. P\u00fctz-Regatta Muhr\/Altm\u00fchlsee<br>08.07. \u2013 09.07. Makrelenregatta Wald\/Altm\u00fchlsee<br>02.09. \u2013 03.09. Kressb. Oberseep. Kressbronn\/Bodensee<br>08.09. \u2013 10.09. Int. \u00d6ster. Meisters. Bregenz\/Bodensee<br>23.09. \u2013 24.09. Wismeth Wald\/Altm\u00fchlsee<br>30.09. \u2013 01.10. Herbstregatta und IDB Muhr\/Altm\u00fchlsee<br>Die Regatten am Altm\u00fchlsee sind fest geplant (da von Mainz gut erreichbar), die beiden Bodenseetermine sind noch offen.<br>Freue mich \u00fcber jede Reaktion, Spa\u00df am (Regatta)Segeln steht im Vordergrund!<\/td><\/tr><tr><td>Torsten Gr\u00fcnewald<br>Tel.: 0178 290 7831<br>Email: <a href=\"mailto:Tgruenew@gmx.de\">Tgruenew@gmx.de<\/a><\/td><td><strong>Rhein (Ingelheim)<br><\/strong>Vorschiff, Mitte<\/td><td>Suche Mitsegler f\u00fcr Rhein und Regatten, Rheinsegeln und Regattasegeln mit H\u00f6hepunkt EM Ende September auf dem Altm\u00fchlsee. Erfahrung nicht notwendig nur Spass an der Sache<\/td><\/tr><tr><td>Gerhard Rayzik<br>Tel.: 017669706426<br>Email: <a href=\"mailto:grayzik@gmail.com\">grayzik@gmail.com<\/a><\/td><td><strong>Altm\u00fchlsee<br><\/strong>Vorschiff, Mitte, Steuern,<br>Mitsegeln, Schnuppern<\/td><td>ich bin jollensegler-regatten im FD. Korsar, Strahle, Kiehlzugvogel, Finn<\/td><\/tr><tr><td>Martin Peitz<br>Tel.: 0152\/29490624<br>Email: <a href=\"mailto:martinpeitz1@yahoo.de\">martinpeitz1@yahoo.de<\/a><\/td><td><strong>Deutschlandweit<br><\/strong>Vorschiff, Mitsegeln, Schnuppern<\/td><td>Mitsegelgelegenheit auf Shark deutschlandweit<br>gesucht, gerne auch im Rahmen einer Regatta.<br>Hauptmotiv ist den Bootstyp kennzulernen.<br>Segelerfahrung vorhanden. Keine Regattaerfahrung auf Kielyachten sondern nur in begrenztem Umfang auf Jollen vorhanden.<br>Ich freue mich \u00fcber Angebote zum Mitsegeln<\/td><\/tr><tr><td>Franz Hohns<br>Tel.: 0172 &#8211; 2038477<br>Email: <a href=\"mailto:franz.hohns@hohns-consulting.com\">franz.hohns@hohns-consulting.com<\/a><\/td><td><strong>Nordsee Ostsee Holland<\/strong><br>Vorschiff \/ Mitsegeln \/<br>Schnuppern<\/td><td>Seit Jahren habe ich sehr gro\u00dfes Interesse an einer shark. Leider sind immer wieder berufliche Projekte dazwischen gekommen. bin 53 JAhre wohne in K\u00f6ln und habe in meiner Jugend eine shark auf dem Rhein gesegelt. Im Jahr 2009 habe ich den SBF See gemacht.<\/td><\/tr><tr><td>Thomas Wegmann<br>Tel.: 0173 9010049<br>Email:<br><a href=\"mailto:thomas.wegmann@me.com\">thomas.wegmann@me.com<\/a><\/td><td><strong>Nord- und Ostsee<\/strong><br>Schnuppersegeln<\/td><td>Moin + Ahoi, auch ich interessiere mich f\u00fcr<br>die Shark und \u00fcberlege ob es das richtige Schiff f\u00fcr mich sein kann?!<br>In diesem Sinn w\u00fcrde ich mich freuen einmal mit einem Eigner sprechen zu k\u00f6nnen und auch<br>einmal einen Schlag mitzusegeln.<\/td><\/tr><tr><td>Ludger Jokisch<br>Tel.: 0162-5773936<br>Email: <a href=\"mailto:lujoludger@gmx.de\">lujoludger@gmx.de<\/a><\/td><td><strong>Baldeneysee<\/strong><br>Vorschiff Regattasegeln<br>Mittelmann Regattasegeln<\/td><td>guter Regattasegler mit viel Erfahrung<\/td><\/tr><tr><td>Lutz W\u00fclfing<br>Tel.: 0176-64208527<br>Email: lwuelfing(at)gmail.com<\/td><td><strong>Hamburg<\/strong><br>Schnuppersegeln, um den Bootstyp kennen zu lernen<\/td><td>ich bin auf der Suche nach einem Kleinkreuzer<br>und interessiere mich f\u00fcr die Stark. Ich w\u00fcrde gerne mal eine aus der N\u00e4he erleben und mal einen Schlag mitsegeln.<br>Erfahrung: div. Jollen und Kleinkreuzer; v.a.<br>Friesland, Ijsselmeer, Elbe<\/td><\/tr><tr><td>Jan M\u00fcller<br>Tel.: 0421\/6847196<br>Email:<br><a href=\"mailto:janmueller33@googlemail.com\">janmueller33@googlemail.com<\/a><\/td><td><strong>Bremen<br><\/strong>Vorschiff Regattasegeln Mittelmann Regattasegeln<br>(Spifahrer, Segeltrimmer)<\/td><td>Suche Mitsegelgelegenheit bei Regatten.<br>Erfahrungen: eigene Shark, Regatten mit Laser<\/td><\/tr><tr><td>Stefan Heyde<br>Tel.: 0163 88 99 112<br>Email: <a href=\"mailto:s_heyde@web.de\">s_heyde@web.de<\/a><\/td><td><strong>Wiesbaden<br><\/strong>Vorschiff Regattasegeln<br>Mittelmann Regattasegeln<br>(Spifahrer, Segeltrimmer)<br>Schnuppersegeln, um den Bootstyp kennen zu lernen<\/td><td>Seit Jahren segle ich zwei bis drei Mal im Jahr in Holland \/ Friesland Polyfalk oder Kaj\u00fctboot. Jetzt suche ich in Wiesbaden den Einstieg in das Regattasegeln, weil mich der Wettbewerb immer reizt. Grunds\u00e4tzlich bin ich bereits im Bereich Rudern im Regattasport mit viel Spa\u00df aktiv. Als gutes Regattaboot wurde mir jetzt die Shark 24 empfohlen. Im diesen Bootstyp zu erleben, suche ich jetzt erste Mitsegelm\u00f6glichkteiten. Deshalb freue ich mich sehr \u00fcber das eine oder andere Angebot<br><\/td><\/tr><\/tbody><\/table><\/figure>\n","protected":false},"excerpt":{"rendered":"<p>Crewb\u00f6rse Aufnahme in Crewb\u00f6rse Biete Kontaktdaten Revier \/ Position Erfahrung Horst RudorfferTel.: 06122\/ 586717Email: hailight@shark24.de WiesbadenSchnuppersegeln, um den Bootstyp kennen zu lernen J\u00f6rg StellamannsTel.:&nbsp;0479 34324170Email:&nbsp;joerg.stellamanns@ewe.net Bad Zwischenahner MeerSchnuppern auch gerne bei unser ZSK-Mittwochsregattaab dem 14.04.2021, immer 18 Uhr Start,insgesamt 14 Termine, bei Interesse gernemelden, meine Crew wird sicherlich nichtimmer vollz\u00e4hlig&#8230;<\/p>\n<p> <a class=\"continue-reading-link\" href=\"https:\/\/www.shark24.de\/de\/die-shark\/crewboerse\/\"><span>WEITERLESEN<\/span><i class=\"crycon-right-dir\"><\/i><\/a> <\/p>\n","protected":false},"author":1,"featured_media":0,"parent":17,"menu_order":4,"comment_status":"closed","ping_status":"closed","template":"templates\/template-twocolumns-left.php","meta":{"footnotes":""},"_links":{"self":[{"href":"https:\/\/www.shark24.de\/de\/wp-json\/wp\/v2\/pages\/3868"}],"collection":[{"href":"https:\/\/www.shark24.de\/de\/wp-json\/wp\/v2\/pages"}],"about":[{"href":"https:\/\/www.shark24.de\/de\/wp-json\/wp\/v2\/types\/page"}],"author":[{"embeddable":true,"href":"https:\/\/www.shark24.de\/de\/wp-json\/wp\/v2\/users\/1"}],"replies":[{"embeddable":true,"href":"https:\/\/www.shark24.de\/de\/wp-json\/wp\/v2\/comments?post=3868"}],"version-history":[{"count":15,"href":"https:\/\/www.shark24.de\/de\/wp-json\/wp\/v2\/pages\/3868\/revisions"}],"predecessor-version":[{"id":7491,"href":"https:\/\/www.shark24.de\/de\/wp-json\/wp\/v2\/pages\/3868\/revisions\/7491"}],"up":[{"embeddable":true,"href":"https:\/\/www.shark24.de\/de\/wp-json\/wp\/v2\/pages\/17"}],"wp:attachment":[{"href":"https:\/\/www.shark24.de\/de\/wp-json\/wp\/v2\/media?parent=3868"}],"curies":[{"name":"wp","href":"https:\/\/api.w.org\/{rel}","templated":true}]}}