{"id":3870,"date":"2021-03-26T16:21:08","date_gmt":"2021-03-26T15:21:08","guid":{"rendered":"https:\/\/www.shark24.de\/de\/?page_id=3870"},"modified":"2023-10-08T20:29:32","modified_gmt":"2023-10-08T18:29:32","slug":"presse-tests","status":"publish","type":"page","link":"https:\/\/www.shark24.de\/de\/die-shark\/presse-tests\/","title":{"rendered":"Presse &#038; Tests"},"content":{"rendered":"\n<h2 class=\"wp-block-heading has-text-align-center\">Presseberichte &amp; Tests \u00fcber die Shark<\/h2>\n\n\n\n<hr class=\"wp-block-separator has-css-opacity\"\/>\n\n\n\n<div style=\"height:30px\" aria-hidden=\"true\" class=\"wp-block-spacer\"><\/div>\n\n\n\n<figure class=\"wp-block-table is-style-stripes\"><table><thead><tr><th>Bericht<\/th><th>Quelle<\/th><th>Ausgabe<\/th><th>Anmerkungen<\/th><\/tr><\/thead><tbody><tr><td><a href=\"https:\/\/www.shark24.de\/de\/wp-content\/uploads\/2021\/03\/Die-Shark-lebt.pdf\" target=\"_blank\" rel=\"noreferrer noopener\">Die Shark24 lebt \/ WM2016<\/a><\/td><td>Segler-Zeitung<\/td><td>04\/2016<\/td><td><\/td><\/tr><tr><td><a href=\"https:\/\/www.shark24.de\/de\/wp-content\/uploads\/2021\/03\/Crossing-the-line.pdf\" target=\"_blank\" rel=\"noreferrer noopener\">Crossing the line<\/a><\/td><td>Canadian Yachting<\/td><td>04\/2016<\/td><td><a href=\"https:\/\/www.shark24.de\/de\/wp-content\/uploads\/2021\/03\/Crossing-the-line_deutsch.pdf\">Deutsche \u00dcbersetzung<\/a><\/td><\/tr><tr><td><a href=\"https:\/\/www.yacht.de\/special\/menschen\/atlantikueberquerung-im-kleinkreuzer-ueber-den-grossen-teich\/\" target=\"_blank\" rel=\"noreferrer noopener\">Im Kleinkreuzer \u00fcber den Gro\u00dfen Teich<\/a><\/td><td>Yacht<\/td><td>21.12.2012<\/td><td><\/td><\/tr><tr><td><a rel=\"noreferrer noopener\" href=\"http:\/\/www.suedkurier.de\/sport\/regionalsport\/bodenseeost\/Olympische-Spiele-waeren-das-Hoechste;art10611,5813680\" target=\"_blank\">Karierestart mit Shark 24 Euroropameisterschaft<\/a><\/td><td>S\u00fcdkurier<\/td><td>12.12.2012<\/td><td>Bezahlschranke<\/td><\/tr><tr><td><a href=\"https:\/\/www.shark24.de\/de\/wp-content\/uploads\/2021\/03\/Dilldapp-mein-Enkel-ist-mein-Fan.pdf\" target=\"_blank\" rel=\"noreferrer noopener\">&#8222;DILLDAPP&#8220; Selbst mein Enkel ist ein Fan<\/a><\/td><td>Yacht<\/td><td>23\/2011<\/td><td><\/td><\/tr><tr><td><a href=\"https:\/\/www.shark24.de\/de\/wp-content\/uploads\/2021\/03\/Dilldapp-sportliches-fuer-Opa.pdf\" target=\"_blank\" rel=\"noreferrer noopener\">&#8222;DILLDAPP&#8220; Sportlicher Opa<\/a><\/td><td>Yacht<\/td><td>12\/2011<\/td><td><\/td><\/tr><tr><td><a href=\"https:\/\/www.shark24.de\/de\/wp-content\/uploads\/2021\/03\/Hai-Alarm-auf-Mueritz.pdf\">&#8222;Hai-Alarm&#8220; auf der M\u00fcritz<\/a><\/td><td>Segler-Zeitung<\/td><td>11\/2011<\/td><td><\/td><\/tr><tr><td><a href=\"https:\/\/www.shark24.de\/de\/wp-content\/uploads\/2021\/03\/Europameistertitel-fuer-RSVM.pdf\" target=\"_blank\" rel=\"noreferrer noopener\">Europameistertitel f\u00fcr den RSVM<\/a><\/td><td>Segler-Zeitung<\/td><td>11\/2011<\/td><td><\/td><\/tr><tr><td><a href=\"https:\/\/www.shark24.de\/de\/wp-content\/uploads\/2021\/03\/Rudorffer-biss-wieder-zu.pdf\">Rudorffer biss wieder zu<\/a><\/td><td>Segler-Zeitung<\/td><td>08\/2011<\/td><td><\/td><\/tr><tr><td><a href=\"https:\/\/www.shark24.de\/de\/wp-content\/uploads\/2021\/03\/HaiNoon-im-Schnee.pdf\" target=\"_blank\" rel=\"noreferrer noopener\">&#8222;HaiNoon&#8220; im Schnee<\/a><\/td><td>Segler-Zeitung<\/td><td>02\/2011<\/td><td><\/td><\/tr><tr><td><a href=\"https:\/\/www.shark24.de\/de\/wp-content\/uploads\/2021\/03\/Evergreen-aus-Oesterreich.pdf\">Evergreen aus \u00d6sterreich<\/a><\/td><td>Segler-Magazin<\/td><td>01\/2011<\/td><td><\/td><\/tr><tr><td><a href=\"https:\/\/www.shark24.de\/de\/wp-content\/uploads\/2021\/03\/Sharks-praesentieren-sich-in-Bestform.pdf\" target=\"_blank\" rel=\"noreferrer noopener\">Sharks pr\u00e4sentieren sich in Bestform<\/a><\/td><td>Segler-Zeitung<\/td><td>11\/2010<\/td><td><\/td><\/tr><tr><td><a href=\"https:\/\/www.shark24.de\/de\/wp-content\/uploads\/2021\/03\/50-Jahre-Shark24.pdf\">50 Jahre Shark24<\/a><\/td><td>Segler-Zeitung<\/td><td>02\/2010<\/td><td><\/td><\/tr><tr><td><a href=\"https:\/\/www.shark24.de\/de\/wp-content\/uploads\/2021\/03\/Yacht2009_Klein_aber_fein.pdf\" target=\"_blank\" rel=\"noreferrer noopener\">Klein, aber fein<\/a><\/td><td>Yacht<\/td><td>13 &amp; 14\/2009<\/td><td>von Martin-Sebastian Kreplin Mitarbeit: Lars Bolle, Hauke Schmidt<\/td><\/tr><tr><td><a href=\"https:\/\/www.shark24.de\/de\/wp-content\/uploads\/2021\/03\/Brief_Zalewski.pdf\" target=\"_blank\" rel=\"noreferrer noopener\">Brief eines Sharkys<\/a><\/td><td>Klaus Zalewski<\/td><td>2004<\/td><td>Brief von Klaus Zalewski an die Klassenvereinigung<\/td><\/tr><tr><td><a href=\"https:\/\/www.shark24.de\/de\/wp-content\/uploads\/2021\/03\/Pionier-in-GFK.pdf\" target=\"_blank\" rel=\"noreferrer noopener\">Pionier in GFK<\/a><\/td><td>Bootshandel Magazin<\/td><td>01\/2007<\/td><td><\/td><\/tr><tr><td><a href=\"https:\/\/www.shark24.de\/de\/wp-content\/uploads\/2021\/03\/Der-gezaehmte-Hai.pdf\" target=\"_blank\" rel=\"noreferrer noopener\">Shark &#8211; der gez\u00e4hmte Hai<\/a><\/td><td>Yacht<\/td><td>01\/1979<\/td><td>von Svante Domizlaff<\/td><\/tr><\/tbody><\/table><\/figure>\n","protected":false},"excerpt":{"rendered":"<p>Presseberichte &amp; Tests \u00fcber die Shark Bericht Quelle Ausgabe Anmerkungen Die Shark24 lebt \/ WM2016 Segler-Zeitung 04\/2016 Crossing the line Canadian Yachting 04\/2016 Deutsche \u00dcbersetzung Im Kleinkreuzer \u00fcber den Gro\u00dfen Teich Yacht 21.12.2012 Karierestart mit Shark 24 Euroropameisterschaft S\u00fcdkurier 12.12.2012 Bezahlschranke &#8222;DILLDAPP&#8220; Selbst mein Enkel ist ein Fan Yacht 23\/2011&#8230;<\/p>\n<p> <a class=\"continue-reading-link\" href=\"https:\/\/www.shark24.de\/de\/die-shark\/presse-tests\/\"><span>WEITERLESEN<\/span><i class=\"crycon-right-dir\"><\/i><\/a> <\/p>\n","protected":false},"author":1,"featured_media":0,"parent":17,"menu_order":5,"comment_status":"closed","ping_status":"closed","template":"templates\/template-twocolumns-left.php","meta":{"footnotes":""},"_links":{"self":[{"href":"https:\/\/www.shark24.de\/de\/wp-json\/wp\/v2\/pages\/3870"}],"collection":[{"href":"https:\/\/www.shark24.de\/de\/wp-json\/wp\/v2\/pages"}],"about":[{"href":"https:\/\/www.shark24.de\/de\/wp-json\/wp\/v2\/types\/page"}],"author":[{"embeddable":true,"href":"https:\/\/www.shark24.de\/de\/wp-json\/wp\/v2\/users\/1"}],"replies":[{"embeddable":true,"href":"https:\/\/www.shark24.de\/de\/wp-json\/wp\/v2\/comments?post=3870"}],"version-history":[{"count":5,"href":"https:\/\/www.shark24.de\/de\/wp-json\/wp\/v2\/pages\/3870\/revisions"}],"predecessor-version":[{"id":6855,"href":"https:\/\/www.shark24.de\/de\/wp-json\/wp\/v2\/pages\/3870\/revisions\/6855"}],"up":[{"embeddable":true,"href":"https:\/\/www.shark24.de\/de\/wp-json\/wp\/v2\/pages\/17"}],"wp:attachment":[{"href":"https:\/\/www.shark24.de\/de\/wp-json\/wp\/v2\/media?parent=3870"}],"curies":[{"name":"wp","href":"https:\/\/api.w.org\/{rel}","templated":true}]}}