{"id":3887,"date":"2021-03-26T16:38:44","date_gmt":"2021-03-26T15:38:44","guid":{"rendered":"https:\/\/www.shark24.de\/de\/?page_id=3887"},"modified":"2022-11-18T14:43:07","modified_gmt":"2022-11-18T13:43:07","slug":"fahrtenseglerpreis","status":"publish","type":"page","link":"https:\/\/www.shark24.de\/de\/fahrtensegeln\/fahrtenseglerpreis\/","title":{"rendered":"Fahrtenseglerpreis"},"content":{"rendered":"\n<h2 class=\"has-text-align-center wp-block-heading\">Fahrtensegelwettbewerb<\/h2>\n\n\n\n<hr class=\"wp-block-separator has-css-opacity\"\/>\n\n\n\n<div style=\"height:30px\" aria-hidden=\"true\" class=\"wp-block-spacer\"><\/div>\n\n\n\n<p>Die Shark24 hat viele Vorteile als Trailer- und Fahrtenyacht:<\/p>\n\n\n\n<ul>\n<li>Gute Trailerbarkeit (Gesamtgewicht ca. 1500 kg)<\/li>\n\n\n\n<li>Geringer Tiefgang (0,96m bzw. 0,55m)<\/li>\n\n\n\n<li>Geringe Breite (2,10 m)<\/li>\n\n\n\n<li>von 2 Personen, notfalls einer, einfach aufzuriggen<\/li>\n\n\n\n<li>Gute Einhandtauglichkeit<\/li>\n\n\n\n<li>Sehr gute und Sicherheit bietende Segeleigenschaften auch bei Starkwind<\/li>\n\n\n\n<li>Gute Man\u00f6vriereigenschaften unter Motor (Au\u00dfenborder)<\/li>\n\n\n\n<li>Lange, bequeme Kojen (bis 4 Personen) mit ca. 1800 Liter Stauraum<\/li>\n\n\n\n<li>Hochwertige, langlebige Bauausf\u00fchrung. So gut wie keine F\u00e4lle von Osmose bekannt<\/li>\n<\/ul>\n\n\n\n<p>Diese herausragenden Eigenschaften hat die Shark24 u.a. bei mehreren Transatlantikt\u00f6rns in den Jahren 2003\/2004, 2012\/2013 und 2018\/2019 nochmals bestechend unter Beweis gestellt.<\/p>\n\n\n\n<p>Die Deutsche Shark24 Klassenvereinigung richtet f\u00fcr Ihre Mitglieder j\u00e4hrlich einen Fahrtensegelwettbewerb aus. Die Berichte werden im herausragend gestalteten Sharkreport und sp\u00e4ter auf der Homepage der KV ver\u00f6ffentlicht. Dadurch k\u00f6nne alle Interessierten an den&nbsp; beeindruckenden Erlebnissen teilhaben.<\/p>\n\n\n\n<p>Eine Jury gibt ein Votum \u00fcber die eingereichten Beitr\u00e4ge ab und legt eine Rangfolge fest. Dabei wird besonders darauf geachtet, dass aus den Berichten Erfahrungen mit der Shark, praktische Tipps und Hinweise f\u00fcr Nachahmer enthalten sind. Es sollen keine reinen Reiseberichte wie in unz\u00e4hligen Reisef\u00fchrern sein, die nur Land und Leute beschreiben ohne Bezug zum Segeln.<\/p>\n\n\n\n<p>Alle Einsendungen werden mit einem Einkaufsgutschein pr\u00e4miert.<\/p>\n\n\n\n<p>Der erste Platz wird mit \u20ac150,00, der Zweite mit \u20ac100,00, der Dritte mit \u20ac50,00 und alle Weiteren mit \u20ac25,00 honoriert. Um \u00dcbersendung der Berichte bis allersp\u00e4testens zum 1.11. an <a href=\"mailto:vorstand@shark24.de\">vorstand@shark24.de<\/a> wird gebeten. Der Bericht soll maximal 10 Seiten in einer bearbeitbaren Wordversion umfassen. Die Fotos bitte in einer ordentlichen Aufl\u00f6sung von ca. je 2MB separat anf\u00fcgen.<\/p>\n\n\n\n<div style=\"height:15px\" aria-hidden=\"true\" class=\"wp-block-spacer\"><\/div>\n\n\n\n<h3 class=\"has-text-align-center wp-block-heading\">Bisherige Gewinner des Fahrtenseglerpreises<\/h3>\n\n\n\n<div style=\"height:30px\" aria-hidden=\"true\" class=\"wp-block-spacer\"><\/div>\n\n\n\n<figure class=\"wp-block-table is-style-stripes\"><table><thead><tr><th>Jahr<\/th><th>Name<\/th><th>Segelnr.<\/th><th>Beitrag \/ befahrenes Revier<\/th><\/tr><\/thead><tbody><tr><td>2021<\/td><td>Hannah-Lea Edel<\/td><td>1356<\/td><td>&#8222;Mein erstes Segelwochenende&#8220; von Dodo dem Waschb\u00e4r<\/td><\/tr><tr><td>2020<\/td><td>Norbert van der P\u00fctten<\/td><td>1374<\/td><td>Lekker zeilen<\/td><\/tr><tr><td>2019<\/td><td>Hagen Decker<\/td><td>1368<\/td><td>Betreutes Segeln<\/td><\/tr><tr><td>2018<\/td><td>Harald Wendik<\/td><td>1099<\/td><td>Um den Peloponnes gesegelt \u2013 ohne Motor!<\/td><\/tr><tr><td>2017<\/td><td>Michael Kleiner<\/td><td>1757<\/td><td>Lekker zeilen in nederland<\/td><\/tr><tr><td>2016<\/td><td>Petra Hirschberger und Jan Scheer<\/td><td><\/td><td>Korsika liegt nahe<\/td><\/tr><tr><td>2015<\/td><td>Sebastian Schul<\/td><td>1293<\/td><td>Mehr Meer \u2013 die Ostsee in Etappen<\/td><\/tr><tr><td>2014<\/td><td>Sebastian Schul<\/td><td>1293<\/td><td>Rund F\u00fcnen<\/td><\/tr><tr><td>2013<\/td><td>Frank Taubenheim<\/td><td>851<\/td><td>Rund D\u00e4nemark (Bericht im Shark-Report 2014)<\/td><\/tr><tr><td>2012<\/td><td>Harald Wendik<\/td><td>1099<\/td><td>Ionische Inseln<\/td><\/tr><tr><td>2011<\/td><td>Andreas Pfalzgraf<\/td><td>1865<\/td><td>Familient\u00f6rn rund Seeland und F\u00fcnen<\/td><\/tr><tr><td>2010<\/td><td>Ralf Neuhaus<\/td><td><\/td><td>(kein) D\u00e4nemark<\/td><\/tr><tr><td>2009<\/td><td>Ralf Neuhaus<\/td><td><\/td><td>Ein Nordsee-Sommert\u00f6rn<\/td><\/tr><tr><td>2008<\/td><td>Mathias Steinhoff<\/td><td>1437<\/td><td>Von Kappeln nach Kappeln &#8211; \u00fcber Stockholm, Gotland, Bornholm und durchs s\u00fcdliche Kattegat<\/td><\/tr><tr><td>2007<\/td><td>Andreas Kohl<\/td><td>1686<\/td><td>Ostsee: Stralsund-R\u00fcgen-D\u00e4nemark-Warnem\u00fcnde<\/td><\/tr><tr><td>2006<\/td><td>Mathias Gr\u00fctzmacher<\/td><td>1596<\/td><td>Holland: Binnen rund Niederlande<\/td><\/tr><tr><td>2005<\/td><td>Mathias Gr\u00fctzmacher<\/td><td>1596<\/td><td>Holland: Stevensweert-Zeeland-Ijsselmeer<\/td><\/tr><tr><td>2004<\/td><td>Georg Pferdmenges<\/td><td>1214<\/td><td>Atlantik<br><em>zur Zeit leider offline<\/em><\/td><\/tr><tr><td>2003<\/td><td>Karl M\u00fcller<\/td><td>1628<\/td><td>Ostsee: Bornholm-R\u00fcgen<\/td><\/tr><tr><td>2002<\/td><td>Heiner M\u00f6ller<\/td><td>1097<\/td><td>Ostsee: Flensburg-Warnem\u00fcnde<\/td><\/tr><tr><td>2001<\/td><td>Heiner Koppers<\/td><td>969<\/td><td>Ostsee: Neustadt-Gedser-Neustadt<\/td><\/tr><tr><td>2000<\/td><td><em>nicht vergeben<\/em><\/td><td><\/td><td><\/td><\/tr><tr><td>1999<\/td><td><em>nicht vergeben<\/em><\/td><td><\/td><td><\/td><\/tr><tr><td>1998<\/td><td>Eberhard Vo\u00df<\/td><td>1697<\/td><td>Mittelmeer: Spanien-Frankreich<\/td><\/tr><tr><td>1997<\/td><td>WSO<\/td><td>1384 <br>1666<br>1411<\/td><td>Ijsselmeer<\/td><\/tr><tr><td>1996<\/td><td>Frank Pohl<\/td><td>1870<\/td><td>Mittelmeer: Griechenland-T\u00fcrkei<\/td><\/tr><tr><td>1995<\/td><td>Horst Rieger<\/td><td>1635<\/td><td>Ostsee: R\u00fcgen-Stockholm-R\u00fcgen<\/td><\/tr><tr><td>1994<\/td><td>G\u00fcnter Rabenstein<\/td><td>1688<\/td><td>Nordsee: bretonische K\u00fcste<\/td><\/tr><tr><td>1993<\/td><td><em>nicht vergeben<\/em><\/td><td><\/td><td><\/td><\/tr><tr><td>1992<\/td><td>Hans M\u00fcller<\/td><td>505<\/td><td>Gro\u00dfenbrode-Kopenhagen-Skagen-Gro\u00dfenbrode<\/td><\/tr><tr><td>1991<\/td><td>Marc-Oliver von Ahlen<\/td><td>1632<\/td><td>Ostsee: Maasholm-Borkum-Maasholm<\/td><\/tr><tr><td>1990<\/td><td>Klaus K\u00f6lpin<\/td><td>1081<\/td><td>Nordsee: Richtung Island<\/td><\/tr><\/tbody><\/table><\/figure>\n","protected":false},"excerpt":{"rendered":"<p>Fahrtensegelwettbewerb Die Shark24 hat viele Vorteile als Trailer- und Fahrtenyacht: Diese herausragenden Eigenschaften hat die Shark24 u.a. bei mehreren Transatlantikt\u00f6rns in den Jahren 2003\/2004, 2012\/2013 und 2018\/2019 nochmals bestechend unter Beweis gestellt. Die Deutsche Shark24 Klassenvereinigung richtet f\u00fcr Ihre Mitglieder j\u00e4hrlich einen Fahrtensegelwettbewerb aus. Die Berichte werden im herausragend gestalteten&#8230;<\/p>\n<p> <a class=\"continue-reading-link\" href=\"https:\/\/www.shark24.de\/de\/fahrtensegeln\/fahrtenseglerpreis\/\"><span>WEITERLESEN<\/span><i class=\"crycon-right-dir\"><\/i><\/a> <\/p>\n","protected":false},"author":1,"featured_media":0,"parent":20,"menu_order":2,"comment_status":"closed","ping_status":"closed","template":"templates\/template-twocolumns-left.php","meta":{"footnotes":""},"_links":{"self":[{"href":"https:\/\/www.shark24.de\/de\/wp-json\/wp\/v2\/pages\/3887"}],"collection":[{"href":"https:\/\/www.shark24.de\/de\/wp-json\/wp\/v2\/pages"}],"about":[{"href":"https:\/\/www.shark24.de\/de\/wp-json\/wp\/v2\/types\/page"}],"author":[{"embeddable":true,"href":"https:\/\/www.shark24.de\/de\/wp-json\/wp\/v2\/users\/1"}],"replies":[{"embeddable":true,"href":"https:\/\/www.shark24.de\/de\/wp-json\/wp\/v2\/comments?post=3887"}],"version-history":[{"count":14,"href":"https:\/\/www.shark24.de\/de\/wp-json\/wp\/v2\/pages\/3887\/revisions"}],"predecessor-version":[{"id":6355,"href":"https:\/\/www.shark24.de\/de\/wp-json\/wp\/v2\/pages\/3887\/revisions\/6355"}],"up":[{"embeddable":true,"href":"https:\/\/www.shark24.de\/de\/wp-json\/wp\/v2\/pages\/20"}],"wp:attachment":[{"href":"https:\/\/www.shark24.de\/de\/wp-json\/wp\/v2\/media?parent=3887"}],"curies":[{"name":"wp","href":"https:\/\/api.w.org\/{rel}","templated":true}]}}