{"id":3889,"date":"2021-03-26T16:39:22","date_gmt":"2021-03-26T15:39:22","guid":{"rendered":"https:\/\/www.shark24.de\/de\/?page_id=3889"},"modified":"2022-12-21T12:35:30","modified_gmt":"2022-12-21T11:35:30","slug":"toernplanung","status":"publish","type":"page","link":"https:\/\/www.shark24.de\/de\/fahrtensegeln\/toernplanung\/","title":{"rendered":"T\u00f6rnplanung"},"content":{"rendered":"\n<h2 class=\"has-text-align-center wp-block-heading\">T\u00f6rnplanung<\/h2>\n\n\n\n<hr class=\"wp-block-separator has-css-opacity\"\/>\n\n\n\n<h3 class=\"wp-block-heading\">Gemeinsames Fahrtensegeln<\/h3>\n\n\n\n<p>Die Sch\u00f6nheit des Segelns beruht auch auf den vielen Facetten, die dieser Sport zu bieten hat.<br>Und gerade mit der Shark24 kann man zahlreiche M\u00f6glichkeiten auskosten. Sie ist ja Fahrten- und Regattaboot in Einem. Viele Regattasegler sch\u00e4tzen es sehr, von den Erfahrungen der Gemeinschaft zu profitieren. Als erfahrener Segler macht es auch Freude, sein Wissen an andere weiter zu geben. Gleiches gilt sicher auch f\u00fcr viele Fahrtensegler.<br>Und wie viele andere Dinge im Leben macht gemeinsames Erleben auch mehr Freude. Was liegt also n\u00e4her, als auch gemeinsam auf Fahrtent\u00f6rn zu gehen. Dazu m\u00f6chte die KV eine einfache Plattform bieten, die die Fahrtensegler, die zu einem gemeinsamen T\u00f6rn aufbrechen m\u00f6chten, zusammenf\u00fchrt.<br>Dazu bitte das u.a. Formblatt ausf\u00fcllen. Es wird dann vom Webmaster in die Mustertabelle eingef\u00fcgt und ver\u00f6ffentlicht.<\/p>\n\n\n\n<p>Viel Freude und Erfolg. Wir sind auf Eure Berichte gespannt.<\/p>\n\n\n\n<h4 class=\"wp-block-heading\"><a href=\"https:\/\/www.shark24.de\/de\/fahrtensegeln\/toernplanung\/aufnahme-toernplanung\/\" data-type=\"page\" data-id=\"4114\">Aufnahme in T\u00f6rnplanung<\/a><\/h4>\n\n\n\n<div style=\"height:50px\" aria-hidden=\"true\" class=\"wp-block-spacer\"><\/div>\n\n\n\n<figure class=\"wp-block-table is-style-stripes\"><table><thead><tr><th>20.12.2022 <\/th><th>Niderl. Wattenmeer<\/th><\/tr><\/thead><tbody><tr><td>Zeitraum<\/td><td>Juli 2023<\/td><\/tr><tr><td>Zeit flexibel ja\/nein<\/td><td>nein<\/td><\/tr><tr><td>Fahrgebiet<\/td><td>Waddensee Niederlande<\/td><\/tr><tr><td>Starthafen<\/td><td>Woudsend<\/td><\/tr><tr><td>Zielhafen<\/td><td>Woudsend<\/td><\/tr><tr><td>Crewgr\u00f6\u00dfe<\/td><td>2<\/td><\/tr><tr><td>davon Kinder \/ Alter<\/td><td><\/td><\/tr><tr><td>Name<\/td><td>Jan Wierichs<\/td><\/tr><tr><td>E-Mail<\/td><td>jan.wierichs(a)web.de <\/td><\/tr><tr><td>Telefon<\/td><td>015111647720<\/td><\/tr><tr><td>Segelerfahrung<\/td><td>vorhanden<\/td><\/tr><tr><td>Bemerkung<\/td><td><\/td><\/tr><\/tbody><\/table><\/figure>\n\n\n\n<div style=\"height:20px\" aria-hidden=\"true\" class=\"wp-block-spacer\"><\/div>\n\n\n\n<p><\/p>\n","protected":false},"excerpt":{"rendered":"<p>T\u00f6rnplanung Gemeinsames Fahrtensegeln Die Sch\u00f6nheit des Segelns beruht auch auf den vielen Facetten, die dieser Sport zu bieten hat.Und gerade mit der Shark24 kann man zahlreiche M\u00f6glichkeiten auskosten. Sie ist ja Fahrten- und Regattaboot in Einem. Viele Regattasegler sch\u00e4tzen es sehr, von den Erfahrungen der Gemeinschaft zu profitieren. Als erfahrener&#8230;<\/p>\n<p> <a class=\"continue-reading-link\" href=\"https:\/\/www.shark24.de\/de\/fahrtensegeln\/toernplanung\/\"><span>WEITERLESEN<\/span><i class=\"crycon-right-dir\"><\/i><\/a> <\/p>\n","protected":false},"author":1,"featured_media":0,"parent":20,"menu_order":3,"comment_status":"closed","ping_status":"closed","template":"templates\/template-twocolumns-left.php","meta":{"footnotes":""},"_links":{"self":[{"href":"https:\/\/www.shark24.de\/de\/wp-json\/wp\/v2\/pages\/3889"}],"collection":[{"href":"https:\/\/www.shark24.de\/de\/wp-json\/wp\/v2\/pages"}],"about":[{"href":"https:\/\/www.shark24.de\/de\/wp-json\/wp\/v2\/types\/page"}],"author":[{"embeddable":true,"href":"https:\/\/www.shark24.de\/de\/wp-json\/wp\/v2\/users\/1"}],"replies":[{"embeddable":true,"href":"https:\/\/www.shark24.de\/de\/wp-json\/wp\/v2\/comments?post=3889"}],"version-history":[{"count":12,"href":"https:\/\/www.shark24.de\/de\/wp-json\/wp\/v2\/pages\/3889\/revisions"}],"predecessor-version":[{"id":6416,"href":"https:\/\/www.shark24.de\/de\/wp-json\/wp\/v2\/pages\/3889\/revisions\/6416"}],"up":[{"embeddable":true,"href":"https:\/\/www.shark24.de\/de\/wp-json\/wp\/v2\/pages\/20"}],"wp:attachment":[{"href":"https:\/\/www.shark24.de\/de\/wp-json\/wp\/v2\/media?parent=3889"}],"curies":[{"name":"wp","href":"https:\/\/api.w.org\/{rel}","templated":true}]}}