{"id":406,"date":"2020-12-05T20:46:46","date_gmt":"2020-12-05T19:46:46","guid":{"rendered":"https:\/\/www.shark24.de\/de\/?page_id=406"},"modified":"2025-06-12T09:58:48","modified_gmt":"2025-06-12T07:58:48","slug":"fan-shop","status":"publish","type":"page","link":"https:\/\/www.shark24.de\/de\/klassenvereinigung\/fan-shop\/","title":{"rendered":"Fan-Shop"},"content":{"rendered":"\n<h1 class=\"wp-block-heading\">Shark24 Fan-Shop<\/h1>\n\n\n\n<p><strong>Wappen, Flaggen, Kleidung und mehr<\/strong>&#8230;<\/p>\n\n\n\n<div style=\"height:30px\" aria-hidden=\"true\" class=\"wp-block-spacer\"><\/div>\n\n\n\n<p>Richten Sie Ihre Bestellung bitte an: <\/p>\n\n\n\n<p>Deutsche Shark24 Klassenvereinigung <br>c\/o Horst Rudorffer <br>vorstand@shark24.de<\/p>\n\n\n\n<div style=\"height:30px\" aria-hidden=\"true\" class=\"wp-block-spacer\"><\/div>\n\n\n\n<div class=\"wp-block-columns is-layout-flex wp-container-core-columns-is-layout-1 wp-block-columns-is-layout-flex\">\n<div class=\"wp-block-column is-layout-flow wp-block-column-is-layout-flow\">\n<figure class=\"wp-block-image size-large\"><img loading=\"lazy\" decoding=\"async\" width=\"991\" height=\"1024\" src=\"https:\/\/www.shark24.de\/de\/wp-content\/uploads\/2025\/06\/kuehltasche-front-991x1024.jpg\" alt=\"\" class=\"wp-image-7355\" srcset=\"https:\/\/www.shark24.de\/de\/wp-content\/uploads\/2025\/06\/kuehltasche-front-991x1024.jpg 991w, https:\/\/www.shark24.de\/de\/wp-content\/uploads\/2025\/06\/kuehltasche-front-290x300.jpg 290w, https:\/\/www.shark24.de\/de\/wp-content\/uploads\/2025\/06\/kuehltasche-front-768x793.jpg 768w, https:\/\/www.shark24.de\/de\/wp-content\/uploads\/2025\/06\/kuehltasche-front-1487x1536.jpg 1487w, https:\/\/www.shark24.de\/de\/wp-content\/uploads\/2025\/06\/kuehltasche-front-145x150.jpg 145w, https:\/\/www.shark24.de\/de\/wp-content\/uploads\/2025\/06\/kuehltasche-front.jpg 1511w\" sizes=\"(max-width: 991px) 100vw, 991px\" \/><\/figure>\n\n\n\n<figure class=\"wp-block-image size-large\"><img loading=\"lazy\" decoding=\"async\" width=\"1024\" height=\"691\" src=\"https:\/\/www.shark24.de\/de\/wp-content\/uploads\/2025\/06\/kuehltasche-top-1024x691.jpg\" alt=\"\" class=\"wp-image-7356\" srcset=\"https:\/\/www.shark24.de\/de\/wp-content\/uploads\/2025\/06\/kuehltasche-top-1024x691.jpg 1024w, https:\/\/www.shark24.de\/de\/wp-content\/uploads\/2025\/06\/kuehltasche-top-300x202.jpg 300w, https:\/\/www.shark24.de\/de\/wp-content\/uploads\/2025\/06\/kuehltasche-top-768x518.jpg 768w, https:\/\/www.shark24.de\/de\/wp-content\/uploads\/2025\/06\/kuehltasche-top-150x101.jpg 150w, https:\/\/www.shark24.de\/de\/wp-content\/uploads\/2025\/06\/kuehltasche-top.jpg 1512w\" sizes=\"(max-width: 1024px) 100vw, 1024px\" \/><\/figure>\n<\/div>\n\n\n\n<div class=\"wp-block-column is-layout-flow wp-block-column-is-layout-flow\">\n<p><strong>Premium K\u00fchltasche<br><\/strong><\/p>\n\n\n\n<p>In der Premium K\u00fchltasche mit einem Fassungsverm\u00f6gen von ca. 10 Liter bleiben<br>Lebensmittel\/Getr\u00e4nke lange k\u00fchl. Der stabile Griff mit den breiten Nylonschlaufen und ein<br>Umh\u00e4ngegurt garantieren ein angenehmes Tragen. Auf der Seitentasche mit Rei\u00dfverschluss unser<br>Logo. Die K\u00fchltasche ist aus abwischbarem Polyester im Leinendesign gefertigt und bis 15 kg<br>belastbar.<\/p>\n\n\n\n<p>Ma\u00dfe: 300 x 160 x 300 mm (L x B x H)<br>auch f\u00fcr 1,5ltr.-Flaschen geeignet<\/p>\n\n\n\n<p><br><strong>Preis: 20,&#8211; EUR\u00a0 zzgl. Versandkosten<\/strong><\/p>\n<\/div>\n<\/div>\n\n\n\n<div style=\"height:30px\" aria-hidden=\"true\" class=\"wp-block-spacer\"><\/div>\n\n\n\n<hr class=\"wp-block-separator has-css-opacity\"\/>\n\n\n\n<div class=\"wp-block-columns is-layout-flex wp-container-core-columns-is-layout-2 wp-block-columns-is-layout-flex\">\n<div class=\"wp-block-column is-layout-flow wp-block-column-is-layout-flow\">\n<figure class=\"wp-block-image size-large\"><img loading=\"lazy\" decoding=\"async\" width=\"768\" height=\"1024\" src=\"https:\/\/www.shark24.de\/de\/wp-content\/uploads\/2022\/12\/wintermuetze-shark24-768x1024.jpg\" alt=\"\" class=\"wp-image-6397\" srcset=\"https:\/\/www.shark24.de\/de\/wp-content\/uploads\/2022\/12\/wintermuetze-shark24-768x1024.jpg 768w, https:\/\/www.shark24.de\/de\/wp-content\/uploads\/2022\/12\/wintermuetze-shark24-225x300.jpg 225w, https:\/\/www.shark24.de\/de\/wp-content\/uploads\/2022\/12\/wintermuetze-shark24-1152x1536.jpg 1152w, https:\/\/www.shark24.de\/de\/wp-content\/uploads\/2022\/12\/wintermuetze-shark24-113x150.jpg 113w, https:\/\/www.shark24.de\/de\/wp-content\/uploads\/2022\/12\/wintermuetze-shark24.jpg 1210w\" sizes=\"(max-width: 768px) 100vw, 768px\" \/><\/figure>\n<\/div>\n\n\n\n<div class=\"wp-block-column is-layout-flow wp-block-column-is-layout-flow\">\n<p><strong>Strickm\u00fctze<br><\/strong><\/p>\n\n\n\n<p>Graue Strickm\u00fctze mit Umschlag aus weichem Acryl. <br>Sehr bequemes, winddichtes, Fleecefutter aus Thinsulate. <br>Markenetikett zum Abrei\u00dfen. <\/p>\n\n\n\n<p>Mit hochwertigem Stick unseres Logos vorne links.&nbsp;<br> ca. 5 cm Breite, goldene Garnfarbe<br><a href=\"https:\/\/www.shark24.de\/de\/wp-content\/uploads\/2022\/12\/pflegehinweis-wintermuetze.jpg\" target=\"_blank\" rel=\"noreferrer noopener\">Pflegehinweis<\/a><\/p>\n\n\n\n<p><br><strong>Preis: 12,&#8211; EUR&nbsp; zzgl. Versandkosten<\/strong><\/p>\n<\/div>\n<\/div>\n\n\n\n<div style=\"height:30px\" aria-hidden=\"true\" class=\"wp-block-spacer\"><\/div>\n\n\n\n<hr class=\"wp-block-separator has-css-opacity\"\/>\n\n\n\n<div class=\"wp-block-columns is-layout-flex wp-container-core-columns-is-layout-3 wp-block-columns-is-layout-flex\">\n<div class=\"wp-block-column is-layout-flow wp-block-column-is-layout-flow\">\n<figure class=\"wp-block-image size-large\"><img loading=\"lazy\" decoding=\"async\" width=\"788\" height=\"1024\" src=\"https:\/\/www.shark24.de\/de\/wp-content\/uploads\/2024\/11\/3D-Sticker-788x1024.jpg\" alt=\"\" class=\"wp-image-7264\" srcset=\"https:\/\/www.shark24.de\/de\/wp-content\/uploads\/2024\/11\/3D-Sticker-788x1024.jpg 788w, https:\/\/www.shark24.de\/de\/wp-content\/uploads\/2024\/11\/3D-Sticker-231x300.jpg 231w, https:\/\/www.shark24.de\/de\/wp-content\/uploads\/2024\/11\/3D-Sticker-768x998.jpg 768w, https:\/\/www.shark24.de\/de\/wp-content\/uploads\/2024\/11\/3D-Sticker-1182x1536.jpg 1182w, https:\/\/www.shark24.de\/de\/wp-content\/uploads\/2024\/11\/3D-Sticker-1576x2048.jpg 1576w, https:\/\/www.shark24.de\/de\/wp-content\/uploads\/2024\/11\/3D-Sticker-115x150.jpg 115w, https:\/\/www.shark24.de\/de\/wp-content\/uploads\/2024\/11\/3D-Sticker-scaled.jpg 1970w\" sizes=\"(max-width: 788px) 100vw, 788px\" \/><\/figure>\n<\/div>\n\n\n\n<div class=\"wp-block-column is-layout-flow wp-block-column-is-layout-flow\">\n<p><strong>3D-Dome Aufkleber<br><\/strong><\/p>\n\n\n\n<p>Der neue 3D-Dome-Aufkleber ist mit einer LBP-Acryl-Linse\u00ae als Oberfl\u00e4chenbeschichtung veredelt. Diese Technik sch\u00fctzt auch den Druck vor Verblassen. Die 3D Aufkleber sind mit einem besonders robusten Haftklebstoff versehen, der einen vielf\u00e4ltigen Einsatz auf glatten Untergr\u00fcnden wie Glas, Metall oder Kunststoff erm\u00f6glicht.<\/p>\n\n\n\n<p>50 mm Durchmesser<br><br><strong>Preis\/St\u00fcck: 2,&#8211; EUR&nbsp; zzgl. Versandkosten<\/strong><\/p>\n<\/div>\n<\/div>\n\n\n\n<div style=\"height:30px\" aria-hidden=\"true\" class=\"wp-block-spacer\"><\/div>\n\n\n\n<div class=\"wp-block-columns is-layout-flex wp-container-core-columns-is-layout-4 wp-block-columns-is-layout-flex\">\n<div class=\"wp-block-column is-layout-flow wp-block-column-is-layout-flow\"><\/div>\n<\/div>\n\n\n\n<hr class=\"wp-block-separator has-css-opacity\"\/>\n\n\n\n<div style=\"height:30px\" aria-hidden=\"true\" class=\"wp-block-spacer\"><\/div>\n\n\n\n<div class=\"wp-block-columns is-layout-flex wp-container-core-columns-is-layout-5 wp-block-columns-is-layout-flex\">\n<div class=\"wp-block-column is-layout-flow wp-block-column-is-layout-flow\">\n<figure class=\"wp-block-image size-large\"><img loading=\"lazy\" decoding=\"async\" width=\"300\" height=\"298\" src=\"https:\/\/www.shark24.de\/de\/wp-content\/uploads\/2021\/02\/WM2019-Plakette.jpg\" alt=\"\" class=\"wp-image-3731\" srcset=\"https:\/\/www.shark24.de\/de\/wp-content\/uploads\/2021\/02\/WM2019-Plakette.jpg 300w, https:\/\/www.shark24.de\/de\/wp-content\/uploads\/2021\/02\/WM2019-Plakette-150x150.jpg 150w\" sizes=\"(max-width: 300px) 100vw, 300px\" \/><\/figure>\n<\/div>\n\n\n\n<div class=\"wp-block-column is-layout-flow wp-block-column-is-layout-flow\">\n<p><strong><strong>Plakette 60 Jahre Shark24 und WM 2019<\/strong><br><\/strong><\/p>\n\n\n\n<p>Zur 60-Jahrfeier Shark24 und WM 2019 angefertigte Metallplakette mit vier L\u00f6chern zum Anbringen, z.B. am Hauptschott oder auf einem Brett.<br>Gr\u00f6\u00dfe ca. 90 x 90 x 3 mm<\/p>\n\n\n\n<p><br><strong>Preis: 5,&#8211; EUR&nbsp; zzgl. Versandkosten<\/strong><\/p>\n<\/div>\n<\/div>\n\n\n\n<div style=\"height:30px\" aria-hidden=\"true\" class=\"wp-block-spacer\"><\/div>\n\n\n\n<hr class=\"wp-block-separator has-css-opacity\"\/>\n\n\n\n<div class=\"wp-block-columns is-layout-flex wp-container-core-columns-is-layout-6 wp-block-columns-is-layout-flex\">\n<div class=\"wp-block-column is-layout-flow wp-block-column-is-layout-flow\">\n<figure class=\"wp-block-image size-large\"><img loading=\"lazy\" decoding=\"async\" width=\"300\" height=\"419\" src=\"https:\/\/www.shark24.de\/de\/wp-content\/uploads\/2021\/02\/WM2019-Weste.jpg\" alt=\"\" class=\"wp-image-3732\" srcset=\"https:\/\/www.shark24.de\/de\/wp-content\/uploads\/2021\/02\/WM2019-Weste.jpg 300w, https:\/\/www.shark24.de\/de\/wp-content\/uploads\/2021\/02\/WM2019-Weste-215x300.jpg 215w, https:\/\/www.shark24.de\/de\/wp-content\/uploads\/2021\/02\/WM2019-Weste-107x150.jpg 107w\" sizes=\"(max-width: 300px) 100vw, 300px\" \/><\/figure>\n<\/div>\n\n\n\n<div class=\"wp-block-column is-layout-flow wp-block-column-is-layout-flow\">\n<p><strong>Weste WM 2019<br><\/strong><\/p>\n\n\n\n<p><strong>Softshell Gilet<\/strong>&nbsp; (sehr hochwertige Weste) der Firma Russell. Farbe: Titanium. <br>Atmungsaktives, 3-lagiges Softshell-Material.<br>Winddicht und wasserabweisend (5.000 mm). <br>Seitentaschen und Brusttasche mit Innenfutter, sowie umgekehrten Rei\u00dfverschl\u00fcssen mit Zugband. Mit dem Au\u00dfengewebe verbundenes<br>Microfleece- Futter.<br>Durchgehender Rei\u00dfverschluss mit Regenblende und Rei\u00dfverschluss-Schutz am Kragen. Kordelzug im Saum und verl\u00e4ngertes R\u00fcckenteil.<br>Waschbar bis 40 \u00b0C, Trocknergeeignet bei niedriger Temperatur.<br>Hochwertig bestickt mit dem Logo der 60-Jahrfeier Shark24 und WM 2019 sowie den beiden Sponsoren dieser Veranstaltung \u201eBoot &amp; Fun\u201c und \u201eDoyle&nbsp; Austria\u201c.<\/p>\n\n\n\n<p>&nbsp;Gr\u00f6\u00dfen:<br>&nbsp;Damen: XS und S<br>&nbsp;Herren: XS<\/p>\n\n\n\n<p><br><strong>Preis: 40,&#8211; EUR&nbsp; zzgl. Versandkosten<\/strong><\/p>\n<\/div>\n<\/div>\n\n\n\n<div style=\"height:30px\" aria-hidden=\"true\" class=\"wp-block-spacer\"><\/div>\n\n\n\n<hr class=\"wp-block-separator has-css-opacity\"\/>\n\n\n\n<div class=\"wp-block-columns is-layout-flex wp-container-core-columns-is-layout-7 wp-block-columns-is-layout-flex\">\n<div class=\"wp-block-column is-layout-flow wp-block-column-is-layout-flow\">\n<figure class=\"wp-block-image size-full\"><img loading=\"lazy\" decoding=\"async\" width=\"300\" height=\"360\" src=\"https:\/\/www.shark24.de\/de\/wp-content\/uploads\/2021\/02\/Handtuch.jpg\" alt=\"\" class=\"wp-image-3726\" srcset=\"https:\/\/www.shark24.de\/de\/wp-content\/uploads\/2021\/02\/Handtuch.jpg 300w, https:\/\/www.shark24.de\/de\/wp-content\/uploads\/2021\/02\/Handtuch-250x300.jpg 250w, https:\/\/www.shark24.de\/de\/wp-content\/uploads\/2021\/02\/Handtuch-125x150.jpg 125w\" sizes=\"(max-width: 300px) 100vw, 300px\" \/><\/figure>\n<\/div>\n\n\n\n<div class=\"wp-block-column is-layout-flow wp-block-column-is-layout-flow\">\n<p><strong>Handtuch der IDB 2019<\/strong><br><\/p>\n\n\n\n<p>Mit 100 cm x 150 cm sind die Badet\u00fccher besonders komfortabel, wenn es um das Abtrocknen nach dem Duschen, dem Schwimmen oder dem Saunagang geht.<br>Nat\u00fcrlich eignen sich die Handt\u00fccher auch als Liegetuch am Strand oder universell einsetzbarer Begleiter in Wellnessbereichen.<br>Badetuch \/ Handtuch 100 x 150 cm<br>Royalblau<br>Material: 100% BW, ca. 550g\/qm<\/p>\n\n\n\n<p><br><strong>Preis: 20,&#8211; EUR&nbsp; zzgl. Versandkosten<\/strong><\/p>\n\n\n\n<p>zu bestellen bei:  <br>Stefan L\u00e4rtz<br>info(a)wso-ornbau.de<br>09826 \/ 62 18 18<\/p>\n<\/div>\n<\/div>\n\n\n\n<div style=\"height:30px\" aria-hidden=\"true\" class=\"wp-block-spacer\"><\/div>\n\n\n\n<hr class=\"wp-block-separator has-css-opacity\"\/>\n\n\n\n<div class=\"wp-block-columns is-layout-flex wp-container-core-columns-is-layout-8 wp-block-columns-is-layout-flex\">\n<div class=\"wp-block-column is-layout-flow wp-block-column-is-layout-flow\">\n<figure class=\"wp-block-image size-full\"><img loading=\"lazy\" decoding=\"async\" width=\"2560\" height=\"1594\" src=\"https:\/\/www.shark24.de\/de\/wp-content\/uploads\/2024\/11\/Klassenstander-scaled.jpg\" alt=\"\" class=\"wp-image-7260\" srcset=\"https:\/\/www.shark24.de\/de\/wp-content\/uploads\/2024\/11\/Klassenstander-scaled.jpg 2560w, https:\/\/www.shark24.de\/de\/wp-content\/uploads\/2024\/11\/Klassenstander-300x187.jpg 300w, https:\/\/www.shark24.de\/de\/wp-content\/uploads\/2024\/11\/Klassenstander-1024x638.jpg 1024w, https:\/\/www.shark24.de\/de\/wp-content\/uploads\/2024\/11\/Klassenstander-768x478.jpg 768w, https:\/\/www.shark24.de\/de\/wp-content\/uploads\/2024\/11\/Klassenstander-1536x956.jpg 1536w, https:\/\/www.shark24.de\/de\/wp-content\/uploads\/2024\/11\/Klassenstander-2048x1275.jpg 2048w, https:\/\/www.shark24.de\/de\/wp-content\/uploads\/2024\/11\/Klassenstander-150x93.jpg 150w\" sizes=\"(max-width: 2560px) 100vw, 2560px\" \/><\/figure>\n<\/div>\n\n\n\n<div class=\"wp-block-column is-layout-flow wp-block-column-is-layout-flow\">\n<p><strong>Klassenstander<\/strong><br><\/p>\n\n\n\n<p>Zweifarbiger Druck auf wei\u00dfem Grund.<br>Megarobustes Polyestergewebe 155g\/m\u00b2.<br>Ringsum ges\u00e4umt.<br>Oben mit Auge, unten mit 50 cm langer Leine.<br>Gr\u00f6\u00dfe: 40 x 25 cm<\/p>\n\n\n\n<p><br><strong>6,&#8211; \u20ac&nbsp; zzgl. Versandkosten<\/strong><\/p>\n<\/div>\n<\/div>\n\n\n\n<div style=\"height:30px\" aria-hidden=\"true\" class=\"wp-block-spacer\"><\/div>\n\n\n\n<hr class=\"wp-block-separator has-css-opacity\"\/>\n\n\n\n<div class=\"wp-block-columns is-layout-flex wp-container-core-columns-is-layout-9 wp-block-columns-is-layout-flex\">\n<div class=\"wp-block-column is-layout-flow wp-block-column-is-layout-flow\">\n<figure class=\"wp-block-image size-full\"><img loading=\"lazy\" decoding=\"async\" width=\"210\" height=\"339\" src=\"https:\/\/www.shark24.de\/de\/wp-content\/uploads\/2021\/07\/Shark24-Flagge.jpg\" alt=\"\" class=\"wp-image-4706\" srcset=\"https:\/\/www.shark24.de\/de\/wp-content\/uploads\/2021\/07\/Shark24-Flagge.jpg 210w, https:\/\/www.shark24.de\/de\/wp-content\/uploads\/2021\/07\/Shark24-Flagge-186x300.jpg 186w, https:\/\/www.shark24.de\/de\/wp-content\/uploads\/2021\/07\/Shark24-Flagge-93x150.jpg 93w\" sizes=\"(max-width: 210px) 100vw, 210px\" \/><\/figure>\n<\/div>\n\n\n\n<div class=\"wp-block-column is-layout-flow wp-block-column-is-layout-flow\">\n<p><strong>Gro\u00dfe Flagge<\/strong><br><\/p>\n\n\n\n<p>Schwarzer Aufdruck auf wei\u00dfem Grund.<br>Oben mit Auge, unten mit 3 m langer Leine.<br>Gr\u00f6\u00dfe: 2 m x 0,80 m<br>(ohne Nationalflagge)<\/p>\n\n\n\n<p><br><strong>30,&#8211; \u20ac&nbsp; zzgl. Versandkosten<\/strong><\/p>\n<\/div>\n<\/div>\n\n\n\n<div style=\"height:30px\" aria-hidden=\"true\" class=\"wp-block-spacer\"><\/div>\n\n\n\n<hr class=\"wp-block-separator has-css-opacity\"\/>\n\n\n\n<div style=\"height:30px\" aria-hidden=\"true\" class=\"wp-block-spacer\"><\/div>\n\n\n\n<div class=\"wp-block-columns is-layout-flex wp-container-core-columns-is-layout-10 wp-block-columns-is-layout-flex\">\n<div class=\"wp-block-column is-layout-flow wp-block-column-is-layout-flow\">\n<figure class=\"wp-block-image size-full\"><img loading=\"lazy\" decoding=\"async\" width=\"300\" height=\"225\" src=\"https:\/\/www.shark24.de\/de\/wp-content\/uploads\/2021\/02\/Aufkleber.jpg\" alt=\"\" class=\"wp-image-3733\" srcset=\"https:\/\/www.shark24.de\/de\/wp-content\/uploads\/2021\/02\/Aufkleber.jpg 300w, https:\/\/www.shark24.de\/de\/wp-content\/uploads\/2021\/02\/Aufkleber-150x113.jpg 150w\" sizes=\"(max-width: 300px) 100vw, 300px\" \/><\/figure>\n<\/div>\n\n\n\n<div class=\"wp-block-column is-layout-flow wp-block-column-is-layout-flow\">\n<p><strong>Aufkleber<\/strong><br><\/p>\n\n\n\n<p>Selbsthaftender runder Folienaufkleber<\/p>\n\n\n\n<p><br><strong>1,&#8211; \u20ac&nbsp; zzgl. Versandkosten<\/strong><\/p>\n<\/div>\n<\/div>\n\n\n\n<div style=\"height:30px\" aria-hidden=\"true\" class=\"wp-block-spacer\"><\/div>\n\n\n\n<hr class=\"wp-block-separator has-css-opacity\"\/>\n\n\n\n<div class=\"wp-block-columns is-layout-flex wp-container-core-columns-is-layout-11 wp-block-columns-is-layout-flex\">\n<div class=\"wp-block-column is-layout-flow wp-block-column-is-layout-flow\">\n<figure class=\"wp-block-image size-full\"><img loading=\"lazy\" decoding=\"async\" width=\"300\" height=\"544\" src=\"https:\/\/www.shark24.de\/de\/wp-content\/uploads\/2021\/09\/Sommercap.jpg\" alt=\"\" class=\"wp-image-5168\" srcset=\"https:\/\/www.shark24.de\/de\/wp-content\/uploads\/2021\/09\/Sommercap.jpg 300w, https:\/\/www.shark24.de\/de\/wp-content\/uploads\/2021\/09\/Sommercap-165x300.jpg 165w, https:\/\/www.shark24.de\/de\/wp-content\/uploads\/2021\/09\/Sommercap-83x150.jpg 83w\" sizes=\"(max-width: 300px) 100vw, 300px\" \/><\/figure>\n<\/div>\n\n\n\n<div class=\"wp-block-column is-layout-flow wp-block-column-is-layout-flow\">\n<p><strong>Sommercap<\/strong><\/p>\n\n\n\n<p>Aus weicher Microfaser mit verstellbarem Clipverschluss.<br>6 gestickte Luftl\u00f6cher<br>gef\u00fcttertes Schwei\u00dfband<br>Farbe: hellgrau<br>goldfarben bestickt mit dem neuen Sharklogo<br><a rel=\"noreferrer noopener\" href=\"https:\/\/www.shark24.de\/de\/wp-content\/uploads\/2021\/09\/Pflegehinweis_Sommercap.jpg\" target=\"_blank\">Pflegehinweis<\/a><\/p>\n\n\n\n<div style=\"height:20px\" aria-hidden=\"true\" class=\"wp-block-spacer\"><\/div>\n\n\n\n<p> <strong>12,&#8211; \u20ac&nbsp; zzgl. Versandkosten<\/strong> <\/p>\n<\/div>\n<\/div>\n\n\n\n<hr class=\"wp-block-separator has-css-opacity\"\/>\n","protected":false},"excerpt":{"rendered":"<p>Shark24 Fan-Shop Wappen, Flaggen, Kleidung und mehr&#8230; Richten Sie Ihre Bestellung bitte an: Deutsche Shark24 Klassenvereinigung c\/o Horst Rudorffer vorstand@shark24.de Premium K\u00fchltasche In der Premium K\u00fchltasche mit einem Fassungsverm\u00f6gen von ca. 10 Liter bleibenLebensmittel\/Getr\u00e4nke lange k\u00fchl. Der stabile Griff mit den breiten Nylonschlaufen und einUmh\u00e4ngegurt garantieren ein angenehmes Tragen. Auf&#8230;<\/p>\n<p> <a class=\"continue-reading-link\" href=\"https:\/\/www.shark24.de\/de\/klassenvereinigung\/fan-shop\/\"><span>WEITERLESEN<\/span><i class=\"crycon-right-dir\"><\/i><\/a> <\/p>\n","protected":false},"author":1,"featured_media":0,"parent":18,"menu_order":5,"comment_status":"closed","ping_status":"closed","template":"templates\/template-twocolumns-left.php","meta":{"footnotes":""},"_links":{"self":[{"href":"https:\/\/www.shark24.de\/de\/wp-json\/wp\/v2\/pages\/406"}],"collection":[{"href":"https:\/\/www.shark24.de\/de\/wp-json\/wp\/v2\/pages"}],"about":[{"href":"https:\/\/www.shark24.de\/de\/wp-json\/wp\/v2\/types\/page"}],"author":[{"embeddable":true,"href":"https:\/\/www.shark24.de\/de\/wp-json\/wp\/v2\/users\/1"}],"replies":[{"embeddable":true,"href":"https:\/\/www.shark24.de\/de\/wp-json\/wp\/v2\/comments?post=406"}],"version-history":[{"count":45,"href":"https:\/\/www.shark24.de\/de\/wp-json\/wp\/v2\/pages\/406\/revisions"}],"predecessor-version":[{"id":7358,"href":"https:\/\/www.shark24.de\/de\/wp-json\/wp\/v2\/pages\/406\/revisions\/7358"}],"up":[{"embeddable":true,"href":"https:\/\/www.shark24.de\/de\/wp-json\/wp\/v2\/pages\/18"}],"wp:attachment":[{"href":"https:\/\/www.shark24.de\/de\/wp-json\/wp\/v2\/media?parent=406"}],"curies":[{"name":"wp","href":"https:\/\/api.w.org\/{rel}","templated":true}]}}