{"id":487,"date":"2020-12-05T22:53:11","date_gmt":"2020-12-05T21:53:11","guid":{"rendered":"https:\/\/www.shark24.de\/de\/?page_id=487"},"modified":"2021-02-28T16:15:12","modified_gmt":"2021-02-28T15:15:12","slug":"datenschutz","status":"publish","type":"page","link":"https:\/\/www.shark24.de\/de\/datenschutz\/","title":{"rendered":"Datenschutz"},"content":{"rendered":"\n<h1 class=\"has-text-align-center wp-block-heading\">Datenschutzerkl\u00e4rung<\/h1>\n\n\n\n<div style=\"height:30px\" aria-hidden=\"true\" class=\"wp-block-spacer\"><\/div>\n\n\n\n<hr class=\"wp-block-separator\"\/>\n\n\n\n<div style=\"height:20px\" aria-hidden=\"true\" class=\"wp-block-spacer\"><\/div>\n\n\n\n<p><\/p>\n\n\n\n<p><strong>Informationspflichten nach Artikel 12, 13 und 14 EU-Datenschutz-Grundverordnung (DS-GVO)<\/strong><\/p>\n\n\n\n<p>Nach Artikel 12, 13 und 14 DS-GVO hat der Verantwortliche einer betroffenen Person, deren Daten er verarbeitet, die in den Artikeln genannten Informationen bereit zu stellen. Dieser Informationspflicht kommt dieses Merkblatt nach.<\/p>\n\n\n\n<p><strong>1. Namen und Kontaktdaten des Verantwortlichen sowie gegebenenfalls seiner Vertreter:<\/strong><\/p>\n\n\n\n<p>Deutsche Shark24 Klassenvereinigung e.V., gesetzlich vertreten durch den Vorstand nach \u00a7 26 BGB, Horst Rudorffer, Maarten Holland, Hermann Kr\u00e4mer, Kirschenbergstra\u00dfe 15, 65207 Wiesbaden, Tel. 0179 \/ 2121 584, E-Mail: <a href=\"mailto:vorstand@shark24.de\">vorstand@shark24.de<\/a><\/p>\n\n\n\n<p><strong>2. Kontaktdaten des Datenschutzbeauftragten:<\/strong><\/p>\n\n\n\n<p>Deutsche Shark24 Klassenvereinigung e.V. Horst Rudorffer Kirschenbergstra\u00dfe 15, 65207 Wiesbaden, Tel. 0179 \/ 2121 584, E-Mail: <a href=\"mailto:vorstand@shark24.de\">vorstand@shark24.de<\/a><\/p>\n\n\n\n<p><strong>3. Zwecke f\u00fcr die personenbezogenen Daten verarbeitet (bzw. erhoben und genutzt) werden:<\/strong><\/p>\n\n\n\n<p>a. Personenbezogene Daten werden f\u00fcr die Durchf\u00fchrung des Mitgliedschaftsverh\u00e4ltnisses zur Deutschen Shark24 Klassenvereinigung e.V. verarbeitet (z .B. Einladung zu Versammlungen und Veranstaltungen, Beitragszahlungen, Information der Mitglieder \u00fcber Neuigkeiten im und f\u00fcr den Segelsport, Beratung der Mitglieder zur Erf\u00fcllung des Mitgliedschaftsverh\u00e4ltnisses und des Satzungszweckes \u201eF\u00f6rderung des Segelsports\u201c).<\/p>\n\n\n\n<p>b. Personenbezogene Daten werden zur Organisation des Sportbetriebes verarbeitet (z. B. Anmeldungen zu Regatten und Wettk\u00e4mpfen, Auswertung und Archivierung von Regattaergebnissen, Fahrtensegel- und Fotowettbewerbe).<\/p>\n\n\n\n<p>c. Personenbezogene Daten werden im Zusammenhang mit sportlichen Ereignissen einschlie\u00dflich der Berichterstattung hier\u00fcber auf der Internetseite der Deutschen Shark24 Klassenvereinigung e.V., in Auftritten der Deutschen Shark24 Klassenvereinigung e.V. in Sozialen Medien (Facebook, Twitter, Youtube, Instagram) ver\u00f6ffentlicht und an lokale, regionale und \u00fcberregionale Medien \u00fcbermittelt.<\/p>\n\n\n\n<p>d. Personenbezogene Daten werden im Zusammenhang mit der Versendung des Sharkreports und Newsletters mit Neuigkeiten aus und \u00fcber den Segelsport an Interessierte verarbeitet.<\/p>\n\n\n\n<p>e. Personenbezogene Daten werden im Zusammenhang mit der Ausstellung von Klassenvermessungszertifikaten (sog. Messbriefen) verarbeitet.<\/p>\n\n\n\n<p>f. Personenbezogene Daten werden im Zusammenhang mit Kontaktaufnahmen (pers\u00f6nlich, telefonisch und schriftlich auch elektronisch wie E-Mail, Internetseiten, sozialen Medien etc.) verarbeitet.<\/p>\n\n\n\n<p><strong>4. Rechtsgrundlagen auf Grund derer die Verarbeitung erfolgt:<\/strong><\/p>\n\n\n\n<p>Die Verarbeitung der personenbezogenen Daten gem\u00e4\u00df Ziffer 3 a., b., d. und f. erfolgt in der Regel aufgrund der Erforderlichkeit zur Erf\u00fcllung eines Vertrages gem\u00e4\u00df Artikel 6 Abs. 1 lit. b) DS-GVO. Bei den Vertragsverh\u00e4ltnissen handelt es sich in erster Linie um das Mitgliedschaftsverh\u00e4ltnis in der Deutschen Shark24 Klassenvereinigung e.V.<\/p>\n\n\n\n<p>Die Verarbeitung personenbezogener Daten gem\u00e4\u00df Ziffer 3 e. erfolgt ebenfalls gem\u00e4\u00df Artikel 6 Abs. 1 lit. b) DS-GVO gem\u00e4\u00df eines Antrages des Betroffenen auf Ausstellung der jeweiligen Dokumente.<\/p>\n\n\n\n<p>Die Ver\u00f6ffentlichung personenbezogener Daten im Internet oder in lokalen, regionalen oder \u00fcberregionalen Medien gem\u00e4\u00df Ziffer 3 c. erfolgt zur Wahrung berechtigter Interessen der Deutschen Shark24 Klassenvereinigung e.V. (vgl. Artikel 6 Abs. 1 lit. f) DS-GVO). Das berechtigte Interesse besteht in der Information der \u00d6ffentlichkeit durch Berichtserstattung \u00fcber die Aktivit\u00e4ten im Segelsport und des Vereines und somit in der Erf\u00fcllung des Vereinszweckes \u201eF\u00f6rderung des Segelsports\u201c. In diesem Rahmen werden personenbezogene Daten einschlie\u00dflich von Bildern der Teilnehmer zum Beispiel im Rahmen der Berichterstattung \u00fcber sportliche Ereignisse im Segelsport ver\u00f6ffentlicht.<\/p>\n\n\n\n<p><strong>5. Die Empf\u00e4nger der personenbezogenen Daten:<\/strong><\/p>\n\n\n\n<p>Innerhalb der Deutschen Shark24 Klassenvereinigung e.V. erhalten diejenigen Personen Zugriff auf die personenbezogenen Daten, die diese zur Erf\u00fcllung der vertraglichen und gesetzlichen Pflichten brauchen.<\/p>\n\n\n\n<p>Dar\u00fcber hinaus k\u00f6nnen personenbezogene Daten an folgende Stellen weitergegeben werden:<\/p>\n\n\n\n<p>Personenbezogene Daten nach Ziffer 3 a. k\u00f6nnen an den DSV, Landesseglerverb\u00e4nde, Landessportb\u00fcnde (LSB) weitergegeben werden, sofern dies zur Erf\u00fcllung der Mitgliedschaftsrechte und -pflichten erforderlich ist. Das betrifft Adressdaten der Mitglieder.<\/p>\n\n\n\n<p>Personenbezogene Daten nach Ziffer 3 b. wie die der Mitglieder und Segelnden, die am Wettkampfbetrieb im Segelsport teilnehmen, werden zur Organisation des Wettkampfbetriebes, zum Nachweis von Teilnahmeberechtigungen, zur Erstellung von Ranglisten an Vereine, die Regatten ausrichten, an den Weltseglerverband World Sailing, den Europ\u00e4ischen Seglerverband EUROSAF, die Internationale Shark-Klassenvereinigung ISCA und Landesseglerverb\u00e4nde weitergegeben. Dies betrifft im Gesamten die Datenkategorien Name, Vorname, Adress- und Kontaktdaten und Vereinszugeh\u00f6rigkeit.<\/p>\n\n\n\n<p>Personenbezogene Daten werden an Dritte weitergegeben, sofern dies zur Organisation\/Durchf\u00fchrung von Veranstaltungen erforderlich ist.<\/p>\n\n\n\n<p>Dar\u00fcber hinaus findet eine Weitergabe der Daten nur dann statt, wenn eine gesetzliche Verpflichtung oder ein \u00f6ffentliches Interesse dazu besteht. Eine Daten\u00fcbermittlung in ein Drittland au\u00dferhalb der EU findet nur dann statt, sofern eine Einwilligung oder ein Antrag der betroffenen Person vorliegt wie bei Meldungen zu internationalen Wettk\u00e4mpfen z.B. WM in Kanada.<\/p>\n\n\n\n<p><strong>6. Die Dauer, f\u00fcr die die personenbezogenen Daten gespeichert werden:<\/strong><\/p>\n\n\n\n<p>Die personenbezogenen Daten gem\u00e4\u00df Ziffer 3 a. werden f\u00fcr die Dauer der Mitgliedschaft gespeichert. Mit Beendigung der Mitgliedschaft werden die Datenkategorien gem\u00e4\u00df den gesetzlichen Aufbewahrungsfristen vorgehalten und dann gel\u00f6scht. In der Zeit zwischen Beendigung der Mitgliedschaft und der L\u00f6schung wird die Verarbeitung dieser Daten eingeschr\u00e4nkt.<\/p>\n\n\n\n<p>Bestimmte Datenkategorien werden zum Zweck der Vereinschronik im Vereinsarchiv gespeichert. Hierbei handelt es sich in der Regel um die Kategorien Vorname, Nachname, Vereinszugeh\u00f6rigkeit, besondere sportliche Erfolge oder Ereignisse, an denen die betroffene Person mitgewirkt hat. Zudem werden die Stammdaten der Mitglieder der Funktionstr\u00e4ger entsprechend ihrer Amtszeiten archiviert. In beiden F\u00e4llen k\u00f6nnen auch Bilderzeugnisse hinterlegt sein. Der Speicherung liegt ein berechtigtes Interesse der Deutschen Shark24 Klassenvereinigung e.V. an der zeitgeschichtlichen Dokumentation von segelsportlichen Ereignissen und Erfolgen sowie der Vereinshistorie zugrunde.<\/p>\n\n\n\n<p>Alle anderen personenbezogenen Daten werden gel\u00f6scht, wenn die Zweckbindung entfallen ist, sofern nicht andere gesetzliche Aufbewahrungsfristen dagegenstehen.<\/p>\n\n\n\n<p><strong>7. Der betroffenen Person stehen unter den in den Artikeln jeweils genannten Voraussetzungen die<\/strong> <strong>nachfolgenden Rechte zu:<\/strong><\/p>\n\n\n\n<ul><li>das Recht auf Auskunft \u00fcber die bei der verantwortlichen Stelle gespeicherten personenbezogenen Daten nach Artikel 15 DS-GVO,<\/li><li>das Recht auf Berichtigung der personenbezogenen Daten nach Artikel 16 DS-GVO,<\/li><li>das Recht auf L\u00f6schung der personenbezogenen Daten nach Artikel 17 DS-GVO,<\/li><li>das Recht auf Einschr\u00e4nkung der Verarbeitung der personenbezogenen Daten nach Artikel 18 DS-GVO,<\/li><li>das Recht auf \u00dcbertragung der personenbezogenen Daten (Daten\u00fcbertragbarkeit) nach Artikel 20 DS-GVO,<\/li><li>das Recht der Verarbeitung der personenbezogenen Daten mit Wirkung f\u00fcr die Zukunft zu widersprechen (Widerspruchsrecht) nach Artikel 21 DS-GVO,<\/li><li>das Recht, eine erteilte Einwilligung jederzeit widerrufen zu k\u00f6nnen, ohne dass die Rechtm\u00e4\u00dfigkeit der aufgrund der Einwilligung bis zum Widerruf erfolgten Verarbeitung hierdurch ber\u00fchrt wird.<\/li><li>das Recht auf Beschwerde bei einer Aufsichtsbeh\u00f6rde nach Artikel 77 DS-GVO. Die zust\u00e4ndige Beh\u00f6rde ist: Berliner Beauftragte f\u00fcr Datenschutz und Informationsfreiheit, Friedrichstra\u00dfe 219, 10969 Berlin<\/li><\/ul>\n\n\n\n<p><strong>8. Die Quelle, aus der die personenbezogenen Daten stammen:<\/strong><\/p>\n\n\n\n<p>Die personenbezogenen Daten werden grunds\u00e4tzlich im Rahmen<\/p>\n\n\n\n<ul><li>des Erwerbs der Mitgliedschaft,<\/li><li>der Teilnahme am Segelsportbetrieb,<\/li><li>der Beantragung von Leistungen der Deutschen Shark24 Klassenvereinigung e.V.,<\/li><li>der Beantragung von Klassenvermessungszertifikaten,<\/li><li>der Kontaktaufnahme mit der Deutsche Shark24 Klassenvereinigung e.V.<\/li><\/ul>\n\n\n\n<p>erhoben.<\/p>\n\n\n\n<p><strong>9. Pflicht zur Bereitstellung von personenbezogenen Daten und Folgen bei Nichtbereitstellung oder L\u00f6schungsverlangen:<\/strong><\/p>\n\n\n\n<p>Im Rahmen einer Gesch\u00e4ftsbeziehung (z. B. Mitgliedschaft, Antrag oder Vertrag) m\u00fcssen diejenigen personenbezogenen Daten bereitgestellt werden, die zur Durchf\u00fchrung dieser Gesch\u00e4ftsbeziehung und zur Erf\u00fcllung der damit verbundenen vertraglichen Pflichten erforderlich sind oder zu deren Erhebung die Deutsche Shark24 Klassenvereinigung e.V. gesetzlich verpflichtet ist. Ohne die Angabe der entsprechenden Daten (z. B. im Antragsformular f\u00fcr eine Mitgliedschaft) oder bei einem Widerruf der Einwilligung zur Verarbeitung dieser Daten kann die Deutsche Shark24 Klassenvereinigung e.V. die beantragte Leistung nicht erbringen bzw. muss die angestrebte Gesch\u00e4ftsbeziehung ggf. verwehren.<\/p>\n\n\n\n<p>Ende des Informationshinweises <strong>Stand: Mai 2018<\/strong><\/p>\n","protected":false},"excerpt":{"rendered":"<p>Datenschutzerkl\u00e4rung Informationspflichten nach Artikel 12, 13 und 14 EU-Datenschutz-Grundverordnung (DS-GVO) Nach Artikel 12, 13 und 14 DS-GVO hat der Verantwortliche einer betroffenen Person, deren Daten er verarbeitet, die in den Artikeln genannten Informationen bereit zu stellen. Dieser Informationspflicht kommt dieses Merkblatt nach. 1. Namen und Kontaktdaten des Verantwortlichen sowie gegebenenfalls&#8230;<\/p>\n<p> <a class=\"continue-reading-link\" href=\"https:\/\/www.shark24.de\/de\/datenschutz\/\"><span>WEITERLESEN<\/span><i class=\"crycon-right-dir\"><\/i><\/a> <\/p>\n","protected":false},"author":1,"featured_media":0,"parent":0,"menu_order":0,"comment_status":"closed","ping_status":"closed","template":"templates\/template-onecolumn.php","meta":{"footnotes":""},"_links":{"self":[{"href":"https:\/\/www.shark24.de\/de\/wp-json\/wp\/v2\/pages\/487"}],"collection":[{"href":"https:\/\/www.shark24.de\/de\/wp-json\/wp\/v2\/pages"}],"about":[{"href":"https:\/\/www.shark24.de\/de\/wp-json\/wp\/v2\/types\/page"}],"author":[{"embeddable":true,"href":"https:\/\/www.shark24.de\/de\/wp-json\/wp\/v2\/users\/1"}],"replies":[{"embeddable":true,"href":"https:\/\/www.shark24.de\/de\/wp-json\/wp\/v2\/comments?post=487"}],"version-history":[{"count":3,"href":"https:\/\/www.shark24.de\/de\/wp-json\/wp\/v2\/pages\/487\/revisions"}],"predecessor-version":[{"id":490,"href":"https:\/\/www.shark24.de\/de\/wp-json\/wp\/v2\/pages\/487\/revisions\/490"}],"wp:attachment":[{"href":"https:\/\/www.shark24.de\/de\/wp-json\/wp\/v2\/media?parent=487"}],"curies":[{"name":"wp","href":"https:\/\/api.w.org\/{rel}","templated":true}]}}