{"id":51,"date":"2020-12-03T18:49:11","date_gmt":"2020-12-03T17:49:11","guid":{"rendered":"https:\/\/www.shark24.de\/de\/?page_id=51"},"modified":"2023-12-24T13:39:13","modified_gmt":"2023-12-24T12:39:13","slug":"der-vorstand","status":"publish","type":"page","link":"https:\/\/www.shark24.de\/de\/klassenvereinigung\/der-vorstand\/","title":{"rendered":"Der Vorstand"},"content":{"rendered":"\n<h1 class=\"wp-block-heading has-text-align-center\">Der Vorstand und seine Beir\u00e4te<\/h1>\n\n\n\n<div style=\"height:30px\" aria-hidden=\"true\" class=\"wp-block-spacer\"><\/div>\n\n\n\n<hr class=\"wp-block-separator has-css-opacity\"\/>\n\n\n\n<div style=\"height:30px\" aria-hidden=\"true\" class=\"wp-block-spacer\"><\/div>\n\n\n\n<h2 class=\"wp-block-heading has-text-align-left\">Pr\u00e4sident<\/h2>\n\n\n\n<div style=\"height:30px\" aria-hidden=\"true\" class=\"wp-block-spacer\"><\/div>\n\n\n\n<div class=\"wp-block-columns is-layout-flex wp-container-core-columns-is-layout-1 wp-block-columns-is-layout-flex\">\n<div class=\"wp-block-column is-layout-flow wp-block-column-is-layout-flow\">\n<figure class=\"wp-block-image size-large\"><img loading=\"lazy\" decoding=\"async\" width=\"200\" height=\"210\" src=\"https:\/\/www.shark24.de\/de\/wp-content\/uploads\/2020\/12\/praesident.jpg\" alt=\"\" class=\"wp-image-497\" srcset=\"https:\/\/www.shark24.de\/de\/wp-content\/uploads\/2020\/12\/praesident.jpg 200w, https:\/\/www.shark24.de\/de\/wp-content\/uploads\/2020\/12\/praesident-143x150.jpg 143w\" sizes=\"(max-width: 200px) 100vw, 200px\" \/><\/figure>\n<\/div>\n\n\n\n<div class=\"wp-block-column is-layout-flow wp-block-column-is-layout-flow\">\n<p><strong>Horst Rudorffer<\/strong><\/p>\n\n\n\n<p>Kirschenbergstra\u00dfe 15<br>65207 Wiesbaden<\/p>\n\n\n\n<p>Telefon: 06122\/586 717<br>Mobil: 0179\/2121584<\/p>\n\n\n\n<p><a href=\"https:\/\/www.shark24.de\/de\/kontakt\/\">Kontakt<\/a><\/p>\n<\/div>\n<\/div>\n\n\n\n<h2 class=\"wp-block-heading has-text-align-left\">Vizepr\u00e4sident&nbsp;und Regattawart<\/h2>\n\n\n\n<div style=\"height:30px\" aria-hidden=\"true\" class=\"wp-block-spacer\"><\/div>\n\n\n\n<div class=\"wp-block-columns is-layout-flex wp-container-core-columns-is-layout-2 wp-block-columns-is-layout-flex\">\n<div class=\"wp-block-column is-layout-flow wp-block-column-is-layout-flow\">\n<p><strong>Maarten Holland<\/strong><\/p>\n\n\n\n<p>Reuthstr. 6<br>91099 Poxdorf<\/p>\n\n\n\n<p>Telefon: 09133\/5811<\/p>\n\n\n\n<p><a href=\"https:\/\/www.shark24.de\/de\/kontakt-regattaobmann\/\">Kontakt<\/a><\/p>\n<\/div>\n\n\n\n<div class=\"wp-block-column is-layout-flow wp-block-column-is-layout-flow\">\n<figure class=\"wp-block-image size-large\"><img loading=\"lazy\" decoding=\"async\" width=\"200\" height=\"208\" src=\"https:\/\/www.shark24.de\/de\/wp-content\/uploads\/2020\/12\/vizepraesident.jpg\" alt=\"\" class=\"wp-image-498\" srcset=\"https:\/\/www.shark24.de\/de\/wp-content\/uploads\/2020\/12\/vizepraesident.jpg 200w, https:\/\/www.shark24.de\/de\/wp-content\/uploads\/2020\/12\/vizepraesident-144x150.jpg 144w\" sizes=\"(max-width: 200px) 100vw, 200px\" \/><\/figure>\n<\/div>\n<\/div>\n\n\n\n<div style=\"height:30px\" aria-hidden=\"true\" class=\"wp-block-spacer\"><\/div>\n\n\n\n<h2 class=\"wp-block-heading has-text-align-left\">Schatzmeister<\/h2>\n\n\n\n<div style=\"height:30px\" aria-hidden=\"true\" class=\"wp-block-spacer\"><\/div>\n\n\n\n<div class=\"wp-block-columns is-layout-flex wp-container-core-columns-is-layout-3 wp-block-columns-is-layout-flex\">\n<div class=\"wp-block-column is-layout-flow wp-block-column-is-layout-flow\">\n<figure class=\"wp-block-image size-large\"><img loading=\"lazy\" decoding=\"async\" width=\"171\" height=\"182\" src=\"https:\/\/www.shark24.de\/de\/wp-content\/uploads\/2020\/12\/schatzmeister.jpg\" alt=\"\" class=\"wp-image-499\" srcset=\"https:\/\/www.shark24.de\/de\/wp-content\/uploads\/2020\/12\/schatzmeister.jpg 171w, https:\/\/www.shark24.de\/de\/wp-content\/uploads\/2020\/12\/schatzmeister-141x150.jpg 141w\" sizes=\"(max-width: 171px) 100vw, 171px\" \/><\/figure>\n<\/div>\n\n\n\n<div class=\"wp-block-column is-layout-flow wp-block-column-is-layout-flow\">\n<p><strong>Hermann Kr\u00e4mer<\/strong><br><br>Steinritzweg 18<br>65396 Walluf<br><br>Telefon: 06123\/73351<br><br><a href=\"https:\/\/www.shark24.de\/de\/kontakt-schatzmeister\/\" data-type=\"page\" data-id=\"3787\">Kontakt<\/a><\/p>\n<\/div>\n<\/div>\n\n\n\n<h2 class=\"wp-block-heading has-text-align-left\">Webmaster<\/h2>\n\n\n\n<div style=\"height:30px\" aria-hidden=\"true\" class=\"wp-block-spacer\"><\/div>\n\n\n\n<div class=\"wp-block-columns is-layout-flex wp-container-core-columns-is-layout-4 wp-block-columns-is-layout-flex\">\n<div class=\"wp-block-column is-layout-flow wp-block-column-is-layout-flow\">\n<p><strong>Katja Smolenga<\/strong><br><br>Kleiner Oldekamp 1<br>26789 Leer<br><br><a href=\"https:\/\/www.shark24.de\/de\/kontakt-webmaster\/\" data-type=\"page\" data-id=\"3781\">Kontakt<\/a><\/p>\n<\/div>\n\n\n\n<div class=\"wp-block-column is-layout-flow wp-block-column-is-layout-flow\">\n<figure class=\"wp-block-image size-large\"><img loading=\"lazy\" decoding=\"async\" width=\"171\" height=\"171\" src=\"https:\/\/www.shark24.de\/de\/wp-content\/uploads\/2021\/03\/webmaster.jpg\" alt=\"\" class=\"wp-image-3808\" srcset=\"https:\/\/www.shark24.de\/de\/wp-content\/uploads\/2021\/03\/webmaster.jpg 171w, https:\/\/www.shark24.de\/de\/wp-content\/uploads\/2021\/03\/webmaster-150x150.jpg 150w\" sizes=\"(max-width: 171px) 100vw, 171px\" \/><\/figure>\n<\/div>\n<\/div>\n\n\n\n<h2 class=\"wp-block-heading has-text-align-left\">Klassenvermesser<\/h2>\n\n\n\n<div class=\"wp-block-column is-layout-flow wp-block-column-is-layout-flow\">\n<div style=\"height:30px\" aria-hidden=\"true\" class=\"wp-block-spacer\"><\/div>\n<\/div>\n\n\n\n<div class=\"wp-block-columns is-layout-flex wp-container-core-columns-is-layout-5 wp-block-columns-is-layout-flex\">\n<div class=\"wp-block-column is-layout-flow wp-block-column-is-layout-flow\">\n<figure class=\"wp-block-image size-large\"><img loading=\"lazy\" decoding=\"async\" width=\"200\" height=\"208\" src=\"https:\/\/www.shark24.de\/de\/wp-content\/uploads\/2020\/12\/vizepraesident.jpg\" alt=\"\" class=\"wp-image-498\" srcset=\"https:\/\/www.shark24.de\/de\/wp-content\/uploads\/2020\/12\/vizepraesident.jpg 200w, https:\/\/www.shark24.de\/de\/wp-content\/uploads\/2020\/12\/vizepraesident-144x150.jpg 144w\" sizes=\"(max-width: 200px) 100vw, 200px\" \/><\/figure>\n<\/div>\n\n\n\n<div class=\"wp-block-column is-layout-flow wp-block-column-is-layout-flow\">\n<p><strong>Maarten Holland<\/strong><br><br>Reuthstr. 6<br>91099 Poxdorf<br><br>Telefon: 09133\/5811<br><br><a href=\"https:\/\/www.shark24.de\/de\/kontakt-regattaobmann\/\" data-type=\"page\" data-id=\"3791\">Kontakt<\/a><\/p>\n<\/div>\n<\/div>\n\n\n\n<h2 class=\"wp-block-heading has-text-align-left\">Fahrtensegelobmann<\/h2>\n\n\n\n<div style=\"height:30px\" aria-hidden=\"true\" class=\"wp-block-spacer\"><\/div>\n\n\n\n<div class=\"wp-block-columns is-layout-flex wp-container-core-columns-is-layout-6 wp-block-columns-is-layout-flex\">\n<div class=\"wp-block-column is-layout-flow wp-block-column-is-layout-flow\">\n<p><strong>Harald Wendik<\/strong><br><br>Waldm\u00fcllerstra\u00dfe 3<br>85435 Erding<br><br>Telefon: 0172\/8647841<br>E-Mail: wendik[a]wendik.com<\/p>\n<\/div>\n\n\n\n<div class=\"wp-block-column is-layout-flow wp-block-column-is-layout-flow\">\n<figure class=\"wp-block-image size-large\"><img loading=\"lazy\" decoding=\"async\" width=\"200\" height=\"133\" src=\"https:\/\/www.shark24.de\/de\/wp-content\/uploads\/2020\/12\/fahrtenobmann.jpg\" alt=\"\" class=\"wp-image-501\" srcset=\"https:\/\/www.shark24.de\/de\/wp-content\/uploads\/2020\/12\/fahrtenobmann.jpg 200w, https:\/\/www.shark24.de\/de\/wp-content\/uploads\/2020\/12\/fahrtenobmann-150x100.jpg 150w\" sizes=\"(max-width: 200px) 100vw, 200px\" \/><\/figure>\n<\/div>\n<\/div>\n\n\n\n<h2 class=\"wp-block-heading\">Flottenobmann Altm\u00fchlsee<\/h2>\n\n\n\n<div style=\"height:30px\" aria-hidden=\"true\" class=\"wp-block-spacer\"><\/div>\n\n\n\n<div class=\"wp-block-columns is-layout-flex wp-container-core-columns-is-layout-7 wp-block-columns-is-layout-flex\">\n<div class=\"wp-block-column is-layout-flow wp-block-column-is-layout-flow\">\n<p><strong>Michael \u201eStonie\u201c Thomas<br><br><\/strong>Spitalstra\u00dfe 17c<br>91710 Gunzenhausen<br><br>Mobil: 0176 209 553 58<br>E-Mail: bigfish[a]shark24.de<\/p>\n<\/div>\n\n\n\n<div class=\"wp-block-column is-layout-flow wp-block-column-is-layout-flow\"><\/div>\n<\/div>\n\n\n\n<h2 class=\"wp-block-heading\">Flottenobmann S\u00fcd-Ost<\/h2>\n\n\n\n<div style=\"height:30px\" aria-hidden=\"true\" class=\"wp-block-spacer\"><\/div>\n\n\n\n<div class=\"wp-block-columns is-layout-flex wp-container-core-columns-is-layout-8 wp-block-columns-is-layout-flex\">\n<div class=\"wp-block-column is-layout-flow wp-block-column-is-layout-flow\">\n<p><strong>Christian Geiling<br><br><\/strong>Klothildenstr. 18<br>81827 M\u00fcnchen<br><br>Mobil: 0172 84 26 26 8<br>E-Mail: cgeiling[a]web.de<\/p>\n<\/div>\n\n\n\n<div class=\"wp-block-column is-layout-flow wp-block-column-is-layout-flow\">\n<figure class=\"wp-block-image size-full\"><img loading=\"lazy\" decoding=\"async\" width=\"256\" height=\"192\" src=\"https:\/\/www.shark24.de\/de\/wp-content\/uploads\/2023\/12\/flottenobmann_sued-ost.jpg\" alt=\"\" class=\"wp-image-6933\" srcset=\"https:\/\/www.shark24.de\/de\/wp-content\/uploads\/2023\/12\/flottenobmann_sued-ost.jpg 256w, https:\/\/www.shark24.de\/de\/wp-content\/uploads\/2023\/12\/flottenobmann_sued-ost-150x113.jpg 150w\" sizes=\"(max-width: 256px) 100vw, 256px\" \/><\/figure>\n<\/div>\n<\/div>\n\n\n\n<h2 class=\"wp-block-heading\">Flottenobmann Nordflotte<\/h2>\n\n\n\n<div style=\"height:30px\" aria-hidden=\"true\" class=\"wp-block-spacer\"><\/div>\n\n\n\n<div class=\"wp-block-columns is-layout-flex wp-container-core-columns-is-layout-9 wp-block-columns-is-layout-flex\">\n<div class=\"wp-block-column is-layout-flow wp-block-column-is-layout-flow\">\n<p><strong>Frank Taubenheim<br><br><\/strong>Hegestra\u00dfe 21<br>20251 Hamburg<br><br>Telefon: 040\/226 466 14<br>Mobil: 0172\/400 50 52<br>E-Mail: info[a]franktaubenheim.de<\/p>\n<\/div>\n\n\n\n<div class=\"wp-block-column is-layout-flow wp-block-column-is-layout-flow\"><\/div>\n<\/div>\n\n\n\n<div class=\"wp-block-columns is-layout-flex wp-container-core-columns-is-layout-10 wp-block-columns-is-layout-flex\">\n<div class=\"wp-block-column is-layout-flow wp-block-column-is-layout-flow\"><\/div>\n\n\n\n<div class=\"wp-block-column is-layout-flow wp-block-column-is-layout-flow\"><\/div>\n<\/div>\n\n\n\n<h2 class=\"wp-block-heading\">Flottenobmann Bodensee<\/h2>\n\n\n\n<div style=\"height:30px\" aria-hidden=\"true\" class=\"wp-block-spacer\"><\/div>\n\n\n\n<div class=\"wp-block-columns is-layout-flex wp-container-core-columns-is-layout-11 wp-block-columns-is-layout-flex\">\n<div class=\"wp-block-column is-layout-flow wp-block-column-is-layout-flow\">\n<p><strong>Bernd M\u00e4der<\/strong><br><br>Engelbrechtstr.32a<br>78243 Engen<br><br>Tel. 07733\/977474<br>E-Mail: b.maeder[a]ibmaeder.de<\/p>\n<\/div>\n\n\n\n<div class=\"wp-block-column is-layout-flow wp-block-column-is-layout-flow\">\n<figure class=\"wp-block-image size-large\"><img loading=\"lazy\" decoding=\"async\" width=\"200\" height=\"204\" src=\"https:\/\/www.shark24.de\/de\/wp-content\/uploads\/2020\/12\/flottenobmann_bodensee.jpg\" alt=\"\" class=\"wp-image-503\" srcset=\"https:\/\/www.shark24.de\/de\/wp-content\/uploads\/2020\/12\/flottenobmann_bodensee.jpg 200w, https:\/\/www.shark24.de\/de\/wp-content\/uploads\/2020\/12\/flottenobmann_bodensee-147x150.jpg 147w\" sizes=\"(max-width: 200px) 100vw, 200px\" \/><\/figure>\n<\/div>\n<\/div>\n\n\n\n<h2 class=\"wp-block-heading\">Flottenobmann Mittelrhein<\/h2>\n\n\n\n<div style=\"height:30px\" aria-hidden=\"true\" class=\"wp-block-spacer\"><\/div>\n\n\n\n<div class=\"wp-block-columns is-layout-flex wp-container-core-columns-is-layout-12 wp-block-columns-is-layout-flex\">\n<div class=\"wp-block-column is-layout-flow wp-block-column-is-layout-flow\">\n<figure class=\"wp-block-image size-large\"><img loading=\"lazy\" decoding=\"async\" width=\"200\" height=\"152\" src=\"https:\/\/www.shark24.de\/de\/wp-content\/uploads\/2020\/12\/flottenobmann_mittelrhein.jpg\" alt=\"\" class=\"wp-image-504\" srcset=\"https:\/\/www.shark24.de\/de\/wp-content\/uploads\/2020\/12\/flottenobmann_mittelrhein.jpg 200w, https:\/\/www.shark24.de\/de\/wp-content\/uploads\/2020\/12\/flottenobmann_mittelrhein-150x114.jpg 150w\" sizes=\"(max-width: 200px) 100vw, 200px\" \/><\/figure>\n<\/div>\n\n\n\n<div class=\"wp-block-column is-layout-flow wp-block-column-is-layout-flow\">\n<p><strong>Stephan Werner<\/strong><br><br>E-Mail: ontaria[a]shark24.de<\/p>\n<\/div>\n<\/div>\n","protected":false},"excerpt":{"rendered":"<p>Der Vorstand und seine Beir\u00e4te Pr\u00e4sident Horst Rudorffer Kirschenbergstra\u00dfe 1565207 Wiesbaden Telefon: 06122\/586 717Mobil: 0179\/2121584 Kontakt Vizepr\u00e4sident&nbsp;und Regattawart Maarten Holland Reuthstr. 691099 Poxdorf Telefon: 09133\/5811 Kontakt Schatzmeister Hermann Kr\u00e4mer Steinritzweg 1865396 Walluf Telefon: 06123\/73351 Kontakt Webmaster Katja Smolenga Kleiner Oldekamp 126789 Leer Kontakt Klassenvermesser Maarten Holland Reuthstr. 691099 Poxdorf Telefon:&#8230;<\/p>\n<p> <a class=\"continue-reading-link\" href=\"https:\/\/www.shark24.de\/de\/klassenvereinigung\/der-vorstand\/\"><span>WEITERLESEN<\/span><i class=\"crycon-right-dir\"><\/i><\/a> <\/p>\n","protected":false},"author":1,"featured_media":0,"parent":18,"menu_order":2,"comment_status":"closed","ping_status":"closed","template":"templates\/template-twocolumns-left.php","meta":{"footnotes":""},"_links":{"self":[{"href":"https:\/\/www.shark24.de\/de\/wp-json\/wp\/v2\/pages\/51"}],"collection":[{"href":"https:\/\/www.shark24.de\/de\/wp-json\/wp\/v2\/pages"}],"about":[{"href":"https:\/\/www.shark24.de\/de\/wp-json\/wp\/v2\/types\/page"}],"author":[{"embeddable":true,"href":"https:\/\/www.shark24.de\/de\/wp-json\/wp\/v2\/users\/1"}],"replies":[{"embeddable":true,"href":"https:\/\/www.shark24.de\/de\/wp-json\/wp\/v2\/comments?post=51"}],"version-history":[{"count":30,"href":"https:\/\/www.shark24.de\/de\/wp-json\/wp\/v2\/pages\/51\/revisions"}],"predecessor-version":[{"id":6934,"href":"https:\/\/www.shark24.de\/de\/wp-json\/wp\/v2\/pages\/51\/revisions\/6934"}],"up":[{"embeddable":true,"href":"https:\/\/www.shark24.de\/de\/wp-json\/wp\/v2\/pages\/18"}],"wp:attachment":[{"href":"https:\/\/www.shark24.de\/de\/wp-json\/wp\/v2\/media?parent=51"}],"curies":[{"name":"wp","href":"https:\/\/api.w.org\/{rel}","templated":true}]}}