{"id":53,"date":"2020-12-03T18:49:44","date_gmt":"2020-12-03T17:49:44","guid":{"rendered":"https:\/\/www.shark24.de\/de\/?page_id=53"},"modified":"2022-11-10T14:19:31","modified_gmt":"2022-11-10T13:19:31","slug":"fotowettbewerb","status":"publish","type":"page","link":"https:\/\/www.shark24.de\/de\/klassenvereinigung\/fotowettbewerb\/","title":{"rendered":"Fotowettbewerb"},"content":{"rendered":"\n<h2 class=\"has-text-align-center wp-block-heading\">Fotogewinnspiel<\/h2>\n\n\n\n<hr class=\"wp-block-separator has-css-opacity\"\/>\n\n\n\n<div style=\"height:30px\" aria-hidden=\"true\" class=\"wp-block-spacer\"><\/div>\n\n\n\n<p>Die Deutsche Shark24 Klassenvereinigung<a> <\/a>richtet f\u00fcr Ihre Mitglieder j\u00e4hrlich ein Fotogewinnspiel aus. Die Fotos werden im herausragend gestalteten Sharkreport und auf der Homepage der KV ver\u00f6ffentlicht. Dadurch k\u00f6nne alle Interessierten einen Einblick in unseren sch\u00f6nen Sport mit unseren Sharks erhalten.<\/p>\n\n\n\n<p>Eine Jury gibt ein Votum \u00fcber die eingereichten Bilder ab und legt eine Rangfolge fest. Dabei wird besonders darauf geachtet, dass die Shark zumindest teilweise auf dem Foto abgebildet ist.<\/p>\n\n\n\n<p>Die bestplatzierten Einsendungen werden mit einem Einkaufsgutschein pr\u00e4miert.<\/p>\n\n\n\n<p>Der erste Platz wird mit \u20ac100,00, der Zweite mit \u20ac75,00, der Dritte mit \u20ac50,00 honoriert. Um \u00dcbersendung der digitalen Fotos bis allersp\u00e4testens zum 1.11. an <a href=\"mailto:vorstand@shark24.de\">vorstand@shark24.de<\/a> wird gebeten. Die Fotos bitte in einer ordentlichen Aufl\u00f6sung von ca. je 2MB JPG-komprimiert \u00fcbermitteln. Jedes Mitglied kann maximal zwei Fotos einreichen. Der Einreicher muss das Recht am Bild haben und \u00fcbertr\u00e4gt es mit der Einsendung an die Deutsche Shark24 Klassenvereinigung.<\/p>\n\n\n\n<div style=\"height:15px\" aria-hidden=\"true\" class=\"wp-block-spacer\"><\/div>\n\n\n\n<h3 class=\"has-text-align-center wp-block-heading\">Bisherige Fotowettbewerbe<\/h3>\n\n\n\n<div style=\"height:15px\" aria-hidden=\"true\" class=\"wp-block-spacer\"><\/div>\n\n\n\n<h4 class=\"has-text-align-center wp-block-heading\"><a href=\"https:\/\/www.shark24.de\/de\/fotowettbewerb-2021\/\" data-type=\"post\" data-id=\"5603\">Fotowettbewerb 2021<\/a><\/h4>\n\n\n\n<h4 class=\"has-text-align-center wp-block-heading\"><a href=\"https:\/\/www.shark24.de\/de\/fotowettbewerb-2020\/\" data-type=\"post\" data-id=\"3969\">Fotowettbewerb 2020<\/a><\/h4>\n\n\n\n<h4 class=\"has-text-align-center wp-block-heading\"><a href=\"https:\/\/www.shark24.de\/de\/fotowettbewerb-2019\/\" data-type=\"post\" data-id=\"4730\">Fotowettbewerb 2019<\/a><\/h4>\n\n\n\n<h4 class=\"has-text-align-center wp-block-heading\"><a href=\"https:\/\/www.shark24.de\/de\/fotowettbewerb-2018\/\" data-type=\"post\" data-id=\"4737\">Fotowettbewerb 2018<\/a><\/h4>\n\n\n\n<h4 class=\"has-text-align-center wp-block-heading\"><a href=\"https:\/\/www.shark24.de\/de\/fotowettbewerb-2017\/\" data-type=\"post\" data-id=\"4750\">Fotowettbewerb 2017<\/a><\/h4>\n\n\n\n<h4 class=\"has-text-align-center wp-block-heading\"><a href=\"https:\/\/www.shark24.de\/de\/fotowettbewerb-2016\/\" data-type=\"post\" data-id=\"4765\">Fotowettbewerb 2016<\/a><\/h4>\n\n\n\n<h4 class=\"has-text-align-center wp-block-heading\"><a href=\"https:\/\/www.shark24.de\/de\/fotowettbewerb-2015\/\" data-type=\"post\" data-id=\"4783\">Fotowettbewerb 2015<\/a><\/h4>\n\n\n\n<h4 class=\"has-text-align-center wp-block-heading\"><a href=\"https:\/\/www.shark24.de\/de\/fotowettbewerb-2014\/\" data-type=\"post\" data-id=\"4795\">Fotowettbewerb 2014<\/a><\/h4>\n\n\n\n<h4 class=\"has-text-align-center wp-block-heading\"><a href=\"https:\/\/www.shark24.de\/de\/fotowettbewerb-2013\/\" data-type=\"post\" data-id=\"4810\">Fotowettbewerb 2013<\/a><\/h4>\n\n\n\n<h4 class=\"has-text-align-center wp-block-heading\"><a href=\"https:\/\/www.shark24.de\/de\/fotowettbewerb-2012\/\" data-type=\"post\" data-id=\"4834\">Fotowettbewerb 2012<\/a><\/h4>\n","protected":false},"excerpt":{"rendered":"<p>Fotogewinnspiel Die Deutsche Shark24 Klassenvereinigung richtet f\u00fcr Ihre Mitglieder j\u00e4hrlich ein Fotogewinnspiel aus. Die Fotos werden im herausragend gestalteten Sharkreport und auf der Homepage der KV ver\u00f6ffentlicht. Dadurch k\u00f6nne alle Interessierten einen Einblick in unseren sch\u00f6nen Sport mit unseren Sharks erhalten. Eine Jury gibt ein Votum \u00fcber die eingereichten Bilder&#8230;<\/p>\n<p> <a class=\"continue-reading-link\" href=\"https:\/\/www.shark24.de\/de\/klassenvereinigung\/fotowettbewerb\/\"><span>WEITERLESEN<\/span><i class=\"crycon-right-dir\"><\/i><\/a> <\/p>\n","protected":false},"author":1,"featured_media":0,"parent":18,"menu_order":4,"comment_status":"closed","ping_status":"closed","template":"templates\/template-twocolumns-left.php","meta":{"footnotes":""},"_links":{"self":[{"href":"https:\/\/www.shark24.de\/de\/wp-json\/wp\/v2\/pages\/53"}],"collection":[{"href":"https:\/\/www.shark24.de\/de\/wp-json\/wp\/v2\/pages"}],"about":[{"href":"https:\/\/www.shark24.de\/de\/wp-json\/wp\/v2\/types\/page"}],"author":[{"embeddable":true,"href":"https:\/\/www.shark24.de\/de\/wp-json\/wp\/v2\/users\/1"}],"replies":[{"embeddable":true,"href":"https:\/\/www.shark24.de\/de\/wp-json\/wp\/v2\/comments?post=53"}],"version-history":[{"count":13,"href":"https:\/\/www.shark24.de\/de\/wp-json\/wp\/v2\/pages\/53\/revisions"}],"predecessor-version":[{"id":6331,"href":"https:\/\/www.shark24.de\/de\/wp-json\/wp\/v2\/pages\/53\/revisions\/6331"}],"up":[{"embeddable":true,"href":"https:\/\/www.shark24.de\/de\/wp-json\/wp\/v2\/pages\/18"}],"wp:attachment":[{"href":"https:\/\/www.shark24.de\/de\/wp-json\/wp\/v2\/media?parent=53"}],"curies":[{"name":"wp","href":"https:\/\/api.w.org\/{rel}","templated":true}]}}