{"id":5669,"date":"2022-01-02T19:42:43","date_gmt":"2022-01-02T18:42:43","guid":{"rendered":"https:\/\/www.shark24.de\/de\/?page_id=5669"},"modified":"2022-03-20T17:29:46","modified_gmt":"2022-03-20T16:29:46","slug":"werbung-im-sharkreport","status":"publish","type":"page","link":"https:\/\/www.shark24.de\/de\/werbung-im-sharkreport\/","title":{"rendered":"Werbung im Sharkreport"},"content":{"rendered":"\n<h2 class=\"has-text-align-center wp-block-heading\">Werbung im Sharkreport<\/h2>\n\n\n\n<hr class=\"wp-block-separator\"\/>\n\n\n\n<div style=\"height:30px\" aria-hidden=\"true\" class=\"wp-block-spacer\"><\/div>\n\n\n\n<p>Seit Jahren werden durch die schweizerischen, \u00f6sterreichischen und deutschen Shark24 \u2013 Klassenvereinigungen ein herausragender Jahresbericht in Form einer Europaausgabe des Shark24 \u2013 Reports \u00fcber die Aktivit\u00e4ten der Shark24-Segler herausgegeben. Die ca. 130-seitige Printausgabe steht Mitgliedern der KV`s auch digital auf der Homepage der Deutschen Shark24 Klassenvereinigung e.V. <a href=\"http:\/\/www.shark24.de\">www.shark24.de<\/a> zur Verf\u00fcgung.<\/p>\n\n\n\n<p>Mit einer Anzeige in dieser viel beachteten und professionell gestalteten Lekt\u00fcre werden deutlich \u00fcber 600 aktive Sharksegler und damit potentielle Kunden direkt erreicht. Gleichzeitig werden durch die Schaltung einer Anzeige die Bem\u00fchungen der schweizerischen, \u00f6sterreichischen und deutschen Shark24 \u2013 Klassenvereinigungen bez\u00fcglich der F\u00f6rderung des Regatta- und Fahrtensegelsports unterst\u00fctzt.<\/p>\n\n\n\n<p>Martin Schankweiler, Inhaber der input Werbeagentur, \u00fcbernimmt das professionelle Layout des Reports. Er hat die Hinweise f\u00fcr Werbung im Sharkreport zusammengestellt.<\/p>\n\n\n\n<p>Die Konditionen sind \u00fcbrigens sehr g\u00fcnstig. Zus\u00e4tzlich richten wir auf unserer sehr stark beachteten Homepage einen kostenlosen Link zu dem Unternehmen ein, dass eine Anzeige schaltet.<\/p>\n\n\n\n<p>Die \u00dcbersendung der Rechnung zusammen mit einem Belegexemplar wird Mitte M\u00e4rz erfolgen.<\/p>\n\n\n\n<p>Auf den Redaktionsschluss 31.12. m\u00f6chte ich hinweisen.<\/p>\n\n\n\n<div class=\"wp-block-file\"><a id=\"wp-block-file--media-2e25d74e-b1a0-4cbf-8598-e9ced0f9567a\" href=\"https:\/\/www.shark24.de\/de\/wp-content\/uploads\/2022\/03\/Mediadaten_Shark_Report_2022.pdf\" target=\"_blank\" rel=\"noreferrer noopener\">Mediadaten_Shark_Report<\/a><a href=\"https:\/\/www.shark24.de\/de\/wp-content\/uploads\/2022\/03\/Mediadaten_Shark_Report_2022.pdf\" class=\"wp-block-file__button\" download aria-describedby=\"wp-block-file--media-2e25d74e-b1a0-4cbf-8598-e9ced0f9567a\">Herunterladen<\/a><\/div>\n","protected":false},"excerpt":{"rendered":"<p>Werbung im Sharkreport Seit Jahren werden durch die schweizerischen, \u00f6sterreichischen und deutschen Shark24 \u2013 Klassenvereinigungen ein herausragender Jahresbericht in Form einer Europaausgabe des Shark24 \u2013 Reports \u00fcber die Aktivit\u00e4ten der Shark24-Segler herausgegeben. Die ca. 130-seitige Printausgabe steht Mitgliedern der KV`s auch digital auf der Homepage der Deutschen Shark24 Klassenvereinigung e.V&#8230;.<\/p>\n<p> <a class=\"continue-reading-link\" href=\"https:\/\/www.shark24.de\/de\/werbung-im-sharkreport\/\"><span>WEITERLESEN<\/span><i class=\"crycon-right-dir\"><\/i><\/a> <\/p>\n","protected":false},"author":1,"featured_media":0,"parent":0,"menu_order":0,"comment_status":"closed","ping_status":"closed","template":"","meta":{"footnotes":""},"_links":{"self":[{"href":"https:\/\/www.shark24.de\/de\/wp-json\/wp\/v2\/pages\/5669"}],"collection":[{"href":"https:\/\/www.shark24.de\/de\/wp-json\/wp\/v2\/pages"}],"about":[{"href":"https:\/\/www.shark24.de\/de\/wp-json\/wp\/v2\/types\/page"}],"author":[{"embeddable":true,"href":"https:\/\/www.shark24.de\/de\/wp-json\/wp\/v2\/users\/1"}],"replies":[{"embeddable":true,"href":"https:\/\/www.shark24.de\/de\/wp-json\/wp\/v2\/comments?post=5669"}],"version-history":[{"count":9,"href":"https:\/\/www.shark24.de\/de\/wp-json\/wp\/v2\/pages\/5669\/revisions"}],"predecessor-version":[{"id":5853,"href":"https:\/\/www.shark24.de\/de\/wp-json\/wp\/v2\/pages\/5669\/revisions\/5853"}],"wp:attachment":[{"href":"https:\/\/www.shark24.de\/de\/wp-json\/wp\/v2\/media?parent=5669"}],"curies":[{"name":"wp","href":"https:\/\/api.w.org\/{rel}","templated":true}]}}